{"id":5840,"date":"2018-09-10T15:12:47","date_gmt":"2018-09-10T20:12:47","guid":{"rendered":"http:\/\/cristinacortinas.org\/sustentabilidad\/?page_id=5840"},"modified":"2018-12-17T16:36:33","modified_gmt":"2018-12-17T22:36:33","slug":"conferencias-de-economia-circular-en-foro-en-queretaro-2018","status":"publish","type":"page","link":"https:\/\/cristinacortinas.org\/sustentabilidad\/conferencias-de-economia-circular-en-foro-en-queretaro-2018\/","title":{"rendered":"Conferencias de Econom\u00eda Circular en Foro en Quer\u00e9taro 2018"},"content":{"rendered":"<div class=\"span12 \"><div class=\"title-box clearfix \"><h2 class=\"title-box_primary\">documentos<\/h2><\/div><!-- \/\/.title-box --><\/div>\n<p><span class=\"gdm-drivefile-embed\"><img loading=\"lazy\" decoding=\"async\" src=\"https:\/\/drive-thirdparty.googleusercontent.com\/16\/type\/application\/pdf\" width=\"16\" height=\"16\" \/> <a href=\"https:\/\/drive.google.com\/uc?id=1Kwm_JHIwCfBFHactWD8U3T1NdVM5Mb08&#038;export=download\">01_Bienvenida general.pdf<\/a><\/span><\/p>\n<p><span class=\"gdm-drivefile-embed\"><img loading=\"lazy\" decoding=\"async\" src=\"https:\/\/drive-thirdparty.googleusercontent.com\/16\/type\/application\/vnd.openxmlformats-officedocument.spreadsheetml.sheet\" width=\"16\" height=\"16\" \/> <a href=\"https:\/\/drive.google.com\/file\/d\/1gKqpgx0uFDbuLBx6ych65kjOwcflg81P\/preview?usp=drivesdk\">Lista de presentaciones.xlsx<\/a><\/span><\/p>\n<p><span class=\"gdm-drivefile-embed\"><img loading=\"lazy\" decoding=\"async\" src=\"https:\/\/drive-thirdparty.googleusercontent.com\/16\/type\/application\/vnd.openxmlformats-officedocument.wordprocessingml.document\" width=\"16\" height=\"16\" \/> <a href=\"https:\/\/drive.google.com\/file\/d\/12um6EY02jnW_gu0T1PgVJTKGRuQAQBVH\/preview?usp=drivesdk\">Carta de Adhesi\u00f3n a la Declaraci\u00f3n de Quer\u00e9taro.docx<\/a><\/span><\/p>\n<p><span class=\"gdm-drivefile-embed\"><img loading=\"lazy\" decoding=\"async\" src=\"https:\/\/drive-thirdparty.googleusercontent.com\/16\/type\/application\/vnd.openxmlformats-officedocument.wordprocessingml.document\" width=\"16\" height=\"16\" \/> <a href=\"https:\/\/drive.google.com\/file\/d\/1cOzZm8ewNp3PzW0f4HRs1hoeAwmwVgNb\/preview?usp=drivesdk\">Declaraci\u00f3n de Quer\u00e9taro sobre Econom\u00eda Circular 2018.docx<\/a><\/span><\/p>\n<iframe loading=\"lazy\" frameborder=\"0\" src=\"https:\/\/drive.google.com\/embeddedfolderview?authuser=0&#038;hl=en&#038;id=1Kkv03-IK-txMaaZ-bkeI0kronGaVQ5wK#list\" width=\"100%\" height=\"350\" style=\"border:0;max-width:100%\" scrolling=\"yes\"><\/iframe>\n<iframe loading=\"lazy\" frameborder=\"0\" src=\"https:\/\/drive.google.com\/embeddedfolderview?authuser=0&#038;hl=en&#038;id=1Ar9N_R2AYbU4gtL6M1EVV_eie53dwZji#list\" width=\"100%\" height=\"300\" style=\"border:0;max-width:100%\" scrolling=\"yes\"><\/iframe>\n<hr \/>\n<div class=\"span7 \"><div class='w3eden'><!-- WPDM Link Template: Default Template -->\n\n<div class=\"link-template-default card mb-2\">\n    <div class=\"card-body\">\n        <div class=\"media\">\n            <div class=\"mr-3 img-48\"><img decoding=\"async\" class=\"wpdm_icon\" alt=\"Icono\"   src=\"http:\/\/cristinacortinas.org\/sustentabilidad\/wp-content\/plugins\/download-manager\/assets\/file-type-icons\/pptx.png\" \/><\/div>\n            <div class=\"media-body\">\n                <h3 class=\"package-title\"><a href='https:\/\/cristinacortinas.org\/sustentabilidad\/download\/planeacion-nacional-de-la-implementacion-del-convenio-de-minamata-para-eliminar-el-mercurio\/'>Planeaci\u00f3n Nacional de la Implementaci\u00f3n del Convenio de Minamata para eliminar el mercurio<\/a><\/h3>\n                <div class=\"text-muted text-small\"><i class=\"fas fa-copy\"><\/i> 1 archivo(s) <i class=\"fas fa-hdd ml-3\"><\/i> 3.66 MB<\/div>\n            <\/div>\n            <div class=\"ml-3\">\n                <a href='http:\/\/cristinacortinas.org\/sustentabilidad\/wp-login.php'>Please login to download<\/a>\n            <\/div>\n        <\/div>\n    <\/div>\n<\/div>\n\n<\/div>\n<hr \/>\n<div class='w3eden'><!-- WPDM Link Template: Default Template -->\n\n<div class=\"link-template-default card mb-2\">\n    <div class=\"card-body\">\n        <div class=\"media\">\n            <div class=\"mr-3 img-48\"><img decoding=\"async\" class=\"wpdm_icon\" alt=\"Icono\"   src=\"http:\/\/cristinacortinas.org\/sustentabilidad\/wp-content\/plugins\/download-manager\/assets\/file-type-icons\/pptx.png\" \/><\/div>\n            <div class=\"media-body\">\n                <h3 class=\"package-title\"><a href='https:\/\/cristinacortinas.org\/sustentabilidad\/download\/la-creacion-de-empleos-verdes-en-el-marco-de-la-economia-de-la-conservacion-y-de-la-economia-circular-municipal\/'>La creaci\u00f3n de empleos verdes en el marco de la econom\u00eda de la conservaci\u00f3n y de la econom\u00eda circular municipal<\/a><\/h3>\n                <div class=\"text-muted text-small\"><i class=\"fas fa-copy\"><\/i> 1 archivo(s) <i class=\"fas fa-hdd ml-3\"><\/i> 1.78 MB<\/div>\n            <\/div>\n            <div class=\"ml-3\">\n                <a class='wpdm-download-link download-on-click btn btn-info ' rel='nofollow' href='#' data-downloadurl=\"https:\/\/cristinacortinas.org\/sustentabilidad\/download\/la-creacion-de-empleos-verdes-en-el-marco-de-la-economia-de-la-conservacion-y-de-la-economia-circular-municipal\/?wpdmdl=5863&refresh=6a055fde37d5a1778737118\">Descargar<\/a>\n            <\/div>\n        <\/div>\n    <\/div>\n<\/div>\n\n<\/div>\n<hr \/>\n<div class='w3eden'><!-- WPDM Link Template: Default Template -->\n\n<div class=\"link-template-default card mb-2\">\n    <div class=\"card-body\">\n        <div class=\"media\">\n            <div class=\"mr-3 img-48\"><img decoding=\"async\" class=\"wpdm_icon\" alt=\"Icono\" src=\"https:\/\/cristinacortinas.org\/sustentabilidad\/wp-content\/plugins\/download-manager\/assets\/file-type-icons\/pdf.svg\" \/><\/div>\n            <div class=\"media-body\">\n                <h3 class=\"package-title\"><a href='https:\/\/cristinacortinas.org\/sustentabilidad\/download\/experiencia-nestle-transformando-la-economia-de-plasticos\/'>Experiencia Nestl\u00e9: Transformando la econom\u00eda de pl\u00e1sticos<\/a><\/h3>\n                <div class=\"text-muted text-small\"><i class=\"fas fa-copy\"><\/i> 1 archivo(s) <i class=\"fas fa-hdd ml-3\"><\/i> 1.20 MB<\/div>\n            <\/div>\n            <div class=\"ml-3\">\n                <a class='wpdm-download-link download-on-click btn btn-info ' rel='nofollow' href='#' data-downloadurl=\"https:\/\/cristinacortinas.org\/sustentabilidad\/download\/experiencia-nestle-transformando-la-economia-de-plasticos\/?wpdmdl=5862&refresh=6a055fde3bec21778737118\">Descargar<\/a>\n            <\/div>\n        <\/div>\n    <\/div>\n<\/div>\n\n<\/div>\n<hr \/>\n<div class='w3eden'><!-- WPDM Link Template: Default Template -->\n\n<div class=\"link-template-default card mb-2\">\n    <div class=\"card-body\">\n        <div class=\"media\">\n            <div class=\"mr-3 img-48\"><img decoding=\"async\" class=\"wpdm_icon\" alt=\"Icono\"   src=\"http:\/\/cristinacortinas.org\/sustentabilidad\/wp-content\/plugins\/download-manager\/assets\/file-type-icons\/pptx.png\" \/><\/div>\n            <div class=\"media-body\">\n                <h3 class=\"package-title\"><a href='https:\/\/cristinacortinas.org\/sustentabilidad\/download\/responsabilidad-social-e-indicadores-sostenibles-asociados\/'>Responsabilidad Social e Indicadores Sostenibles Asociados<\/a><\/h3>\n                <div class=\"text-muted text-small\"><i class=\"fas fa-copy\"><\/i> 1 archivo(s) <i class=\"fas fa-hdd ml-3\"><\/i> 1.65 MB<\/div>\n            <\/div>\n            <div class=\"ml-3\">\n                <a class='wpdm-download-link download-on-click btn btn-info ' rel='nofollow' href='#' data-downloadurl=\"https:\/\/cristinacortinas.org\/sustentabilidad\/download\/responsabilidad-social-e-indicadores-sostenibles-asociados\/?wpdmdl=5858&refresh=6a055fde400021778737118\">Descargar<\/a>\n            <\/div>\n        <\/div>\n    <\/div>\n<\/div>\n\n<\/div>\n<hr \/>\n<div class='w3eden'><!-- WPDM Link Template: Default Template -->\n\n<div class=\"link-template-default card mb-2\">\n    <div class=\"card-body\">\n        <div class=\"media\">\n            <div class=\"mr-3 img-48\"><img decoding=\"async\" class=\"wpdm_icon\" alt=\"Icono\"   src=\"http:\/\/cristinacortinas.org\/sustentabilidad\/wp-content\/plugins\/download-manager\/assets\/file-type-icons\/pptx.png\" \/><\/div>\n            <div class=\"media-body\">\n                <h3 class=\"package-title\"><a href='https:\/\/cristinacortinas.org\/sustentabilidad\/download\/la-economia-circular-en-sistemas-4-0\/'>La Econom\u00eda Circular en Sistemas 4.0<\/a><\/h3>\n                <div class=\"text-muted text-small\"><i class=\"fas fa-copy\"><\/i> 1 archivo(s) <i class=\"fas fa-hdd ml-3\"><\/i> 11.96 MB<\/div>\n            <\/div>\n            <div class=\"ml-3\">\n                <a class='wpdm-download-link download-on-click btn btn-info ' rel='nofollow' href='#' data-downloadurl=\"https:\/\/cristinacortinas.org\/sustentabilidad\/download\/la-economia-circular-en-sistemas-4-0\/?wpdmdl=5842&refresh=6a055fde440b91778737118\">Descargar<\/a>\n            <\/div>\n        <\/div>\n    <\/div>\n<\/div>\n\n<\/div>\n<hr \/><\/div>\n","protected":false},"excerpt":{"rendered":"","protected":false},"author":1,"featured_media":5445,"parent":0,"menu_order":0,"comment_status":"closed","ping_status":"closed","template":"page-fullwidth.php","meta":{"footnotes":""},"class_list":["post-5840","page","type-page","status-publish","has-post-thumbnail","hentry"],"yoast_head":"<!-- This site is optimized with the Yoast SEO plugin v27.4 - https:\/\/yoast.com\/product\/yoast-seo-wordpress\/ -->\n<title>Conferencias de Econom\u00eda Circular en Foro en Quer\u00e9taro 2018 - Dra. Ma. Cristina Cortinas Dur\u00e1n<\/title>\n<meta name=\"robots\" content=\"index, follow, max-snippet:-1, max-image-preview:large, max-video-preview:-1\" \/>\n<link rel=\"canonical\" href=\"https:\/\/cristinacortinas.org\/sustentabilidad\/conferencias-de-economia-circular-en-foro-en-queretaro-2018\/\" \/>\n<meta property=\"og:locale\" content=\"es_ES\" \/>\n<meta property=\"og:type\" content=\"article\" \/>\n<meta property=\"og:title\" content=\"Conferencias de Econom\u00eda Circular en Foro en Quer\u00e9taro 2018 - Dra. Ma. Cristina Cortinas Dur\u00e1n\" \/>\n<meta property=\"og:url\" content=\"https:\/\/cristinacortinas.org\/sustentabilidad\/conferencias-de-economia-circular-en-foro-en-queretaro-2018\/\" \/>\n<meta property=\"og:site_name\" content=\"Dra. Ma. Cristina Cortinas Dur\u00e1n\" \/>\n<meta property=\"article:publisher\" content=\"https:\/\/www.facebook.com\/cristinacortinasduran\/\" \/>\n<meta property=\"article:modified_time\" content=\"2018-12-17T22:36:33+00:00\" \/>\n<meta property=\"og:image\" content=\"https:\/\/cristinacortinas.org\/sustentabilidad\/wp-content\/uploads\/2018\/06\/Foro-de-Estrategias-de-Economi\u0301a-Circular.png\" \/>\n\t<meta property=\"og:image:width\" content=\"768\" \/>\n\t<meta property=\"og:image:height\" content=\"960\" \/>\n\t<meta property=\"og:image:type\" content=\"image\/png\" \/>\n<meta name=\"twitter:card\" content=\"summary_large_image\" \/>\n<meta name=\"twitter:site\" content=\"@DraCrisCortinas\" \/>\n<meta name=\"twitter:label1\" content=\"Tiempo de lectura\" \/>\n\t<meta name=\"twitter:data1\" content=\"1 minuto\" \/>\n<script type=\"application\/ld+json\" class=\"yoast-schema-graph\">{\"@context\":\"https:\\\/\\\/schema.org\",\"@graph\":[{\"@type\":\"WebPage\",\"@id\":\"https:\\\/\\\/cristinacortinas.org\\\/sustentabilidad\\\/conferencias-de-economia-circular-en-foro-en-queretaro-2018\\\/\",\"url\":\"https:\\\/\\\/cristinacortinas.org\\\/sustentabilidad\\\/conferencias-de-economia-circular-en-foro-en-queretaro-2018\\\/\",\"name\":\"Conferencias de Econom\u00eda Circular en Foro en Quer\u00e9taro 2018 - Dra. Ma. Cristina Cortinas Dur\u00e1n\",\"isPartOf\":{\"@id\":\"https:\\\/\\\/cristinacortinas.org\\\/sustentabilidad\\\/#website\"},\"primaryImageOfPage\":{\"@id\":\"https:\\\/\\\/cristinacortinas.org\\\/sustentabilidad\\\/conferencias-de-economia-circular-en-foro-en-queretaro-2018\\\/#primaryimage\"},\"image\":{\"@id\":\"https:\\\/\\\/cristinacortinas.org\\\/sustentabilidad\\\/conferencias-de-economia-circular-en-foro-en-queretaro-2018\\\/#primaryimage\"},\"thumbnailUrl\":\"https:\\\/\\\/cristinacortinas.org\\\/sustentabilidad\\\/wp-content\\\/uploads\\\/2018\\\/06\\\/Foro-de-Estrategias-de-Economi\u0301a-Circular.png\",\"datePublished\":\"2018-09-10T20:12:47+00:00\",\"dateModified\":\"2018-12-17T22:36:33+00:00\",\"breadcrumb\":{\"@id\":\"https:\\\/\\\/cristinacortinas.org\\\/sustentabilidad\\\/conferencias-de-economia-circular-en-foro-en-queretaro-2018\\\/#breadcrumb\"},\"inLanguage\":\"es\",\"potentialAction\":[{\"@type\":\"ReadAction\",\"target\":[\"https:\\\/\\\/cristinacortinas.org\\\/sustentabilidad\\\/conferencias-de-economia-circular-en-foro-en-queretaro-2018\\\/\"]}]},{\"@type\":\"ImageObject\",\"inLanguage\":\"es\",\"@id\":\"https:\\\/\\\/cristinacortinas.org\\\/sustentabilidad\\\/conferencias-de-economia-circular-en-foro-en-queretaro-2018\\\/#primaryimage\",\"url\":\"https:\\\/\\\/cristinacortinas.org\\\/sustentabilidad\\\/wp-content\\\/uploads\\\/2018\\\/06\\\/Foro-de-Estrategias-de-Economi\u0301a-Circular.png\",\"contentUrl\":\"https:\\\/\\\/cristinacortinas.org\\\/sustentabilidad\\\/wp-content\\\/uploads\\\/2018\\\/06\\\/Foro-de-Estrategias-de-Economi\u0301a-Circular.png\",\"width\":768,\"height\":960},{\"@type\":\"BreadcrumbList\",\"@id\":\"https:\\\/\\\/cristinacortinas.org\\\/sustentabilidad\\\/conferencias-de-economia-circular-en-foro-en-queretaro-2018\\\/#breadcrumb\",\"itemListElement\":[{\"@type\":\"ListItem\",\"position\":1,\"name\":\"Portada\",\"item\":\"https:\\\/\\\/cristinacortinas.org\\\/sustentabilidad\\\/\"},{\"@type\":\"ListItem\",\"position\":2,\"name\":\"Conferencias de Econom\u00eda Circular en Foro en Quer\u00e9taro 2018\"}]},{\"@type\":\"WebSite\",\"@id\":\"https:\\\/\\\/cristinacortinas.org\\\/sustentabilidad\\\/#website\",\"url\":\"https:\\\/\\\/cristinacortinas.org\\\/sustentabilidad\\\/\",\"name\":\"Dra. Ma. Cristina Cortinas Dur\u00e1n\",\"description\":\"\",\"potentialAction\":[{\"@type\":\"SearchAction\",\"target\":{\"@type\":\"EntryPoint\",\"urlTemplate\":\"https:\\\/\\\/cristinacortinas.org\\\/sustentabilidad\\\/?s={search_term_string}\"},\"query-input\":{\"@type\":\"PropertyValueSpecification\",\"valueRequired\":true,\"valueName\":\"search_term_string\"}}],\"inLanguage\":\"es\"}]}<\/script>\n<!-- \/ Yoast SEO plugin. -->","yoast_head_json":{"title":"Conferencias de Econom\u00eda Circular en Foro en Quer\u00e9taro 2018 - Dra. Ma. Cristina Cortinas Dur\u00e1n","robots":{"index":"index","follow":"follow","max-snippet":"max-snippet:-1","max-image-preview":"max-image-preview:large","max-video-preview":"max-video-preview:-1"},"canonical":"https:\/\/cristinacortinas.org\/sustentabilidad\/conferencias-de-economia-circular-en-foro-en-queretaro-2018\/","og_locale":"es_ES","og_type":"article","og_title":"Conferencias de Econom\u00eda Circular en Foro en Quer\u00e9taro 2018 - Dra. Ma. Cristina Cortinas Dur\u00e1n","og_url":"https:\/\/cristinacortinas.org\/sustentabilidad\/conferencias-de-economia-circular-en-foro-en-queretaro-2018\/","og_site_name":"Dra. Ma. Cristina Cortinas Dur\u00e1n","article_publisher":"https:\/\/www.facebook.com\/cristinacortinasduran\/","article_modified_time":"2018-12-17T22:36:33+00:00","og_image":[{"width":768,"height":960,"url":"https:\/\/cristinacortinas.org\/sustentabilidad\/wp-content\/uploads\/2018\/06\/Foro-de-Estrategias-de-Economi\u0301a-Circular.png","type":"image\/png"}],"twitter_card":"summary_large_image","twitter_site":"@DraCrisCortinas","twitter_misc":{"Tiempo de lectura":"1 minuto"},"schema":{"@context":"https:\/\/schema.org","@graph":[{"@type":"WebPage","@id":"https:\/\/cristinacortinas.org\/sustentabilidad\/conferencias-de-economia-circular-en-foro-en-queretaro-2018\/","url":"https:\/\/cristinacortinas.org\/sustentabilidad\/conferencias-de-economia-circular-en-foro-en-queretaro-2018\/","name":"Conferencias de Econom\u00eda Circular en Foro en Quer\u00e9taro 2018 - Dra. Ma. Cristina Cortinas Dur\u00e1n","isPartOf":{"@id":"https:\/\/cristinacortinas.org\/sustentabilidad\/#website"},"primaryImageOfPage":{"@id":"https:\/\/cristinacortinas.org\/sustentabilidad\/conferencias-de-economia-circular-en-foro-en-queretaro-2018\/#primaryimage"},"image":{"@id":"https:\/\/cristinacortinas.org\/sustentabilidad\/conferencias-de-economia-circular-en-foro-en-queretaro-2018\/#primaryimage"},"thumbnailUrl":"https:\/\/cristinacortinas.org\/sustentabilidad\/wp-content\/uploads\/2018\/06\/Foro-de-Estrategias-de-Economi\u0301a-Circular.png","datePublished":"2018-09-10T20:12:47+00:00","dateModified":"2018-12-17T22:36:33+00:00","breadcrumb":{"@id":"https:\/\/cristinacortinas.org\/sustentabilidad\/conferencias-de-economia-circular-en-foro-en-queretaro-2018\/#breadcrumb"},"inLanguage":"es","potentialAction":[{"@type":"ReadAction","target":["https:\/\/cristinacortinas.org\/sustentabilidad\/conferencias-de-economia-circular-en-foro-en-queretaro-2018\/"]}]},{"@type":"ImageObject","inLanguage":"es","@id":"https:\/\/cristinacortinas.org\/sustentabilidad\/conferencias-de-economia-circular-en-foro-en-queretaro-2018\/#primaryimage","url":"https:\/\/cristinacortinas.org\/sustentabilidad\/wp-content\/uploads\/2018\/06\/Foro-de-Estrategias-de-Economi\u0301a-Circular.png","contentUrl":"https:\/\/cristinacortinas.org\/sustentabilidad\/wp-content\/uploads\/2018\/06\/Foro-de-Estrategias-de-Economi\u0301a-Circular.png","width":768,"height":960},{"@type":"BreadcrumbList","@id":"https:\/\/cristinacortinas.org\/sustentabilidad\/conferencias-de-economia-circular-en-foro-en-queretaro-2018\/#breadcrumb","itemListElement":[{"@type":"ListItem","position":1,"name":"Portada","item":"https:\/\/cristinacortinas.org\/sustentabilidad\/"},{"@type":"ListItem","position":2,"name":"Conferencias de Econom\u00eda Circular en Foro en Quer\u00e9taro 2018"}]},{"@type":"WebSite","@id":"https:\/\/cristinacortinas.org\/sustentabilidad\/#website","url":"https:\/\/cristinacortinas.org\/sustentabilidad\/","name":"Dra. Ma. Cristina Cortinas Dur\u00e1n","description":"","potentialAction":[{"@type":"SearchAction","target":{"@type":"EntryPoint","urlTemplate":"https:\/\/cristinacortinas.org\/sustentabilidad\/?s={search_term_string}"},"query-input":{"@type":"PropertyValueSpecification","valueRequired":true,"valueName":"search_term_string"}}],"inLanguage":"es"}]}},"_links":{"self":[{"href":"https:\/\/cristinacortinas.org\/sustentabilidad\/wp-json\/wp\/v2\/pages\/5840","targetHints":{"allow":["GET"]}}],"collection":[{"href":"https:\/\/cristinacortinas.org\/sustentabilidad\/wp-json\/wp\/v2\/pages"}],"about":[{"href":"https:\/\/cristinacortinas.org\/sustentabilidad\/wp-json\/wp\/v2\/types\/page"}],"author":[{"embeddable":true,"href":"https:\/\/cristinacortinas.org\/sustentabilidad\/wp-json\/wp\/v2\/users\/1"}],"replies":[{"embeddable":true,"href":"https:\/\/cristinacortinas.org\/sustentabilidad\/wp-json\/wp\/v2\/comments?post=5840"}],"version-history":[{"count":22,"href":"https:\/\/cristinacortinas.org\/sustentabilidad\/wp-json\/wp\/v2\/pages\/5840\/revisions"}],"predecessor-version":[{"id":6258,"href":"https:\/\/cristinacortinas.org\/sustentabilidad\/wp-json\/wp\/v2\/pages\/5840\/revisions\/6258"}],"wp:featuredmedia":[{"embeddable":true,"href":"https:\/\/cristinacortinas.org\/sustentabilidad\/wp-json\/wp\/v2\/media\/5445"}],"wp:attachment":[{"href":"https:\/\/cristinacortinas.org\/sustentabilidad\/wp-json\/wp\/v2\/media?parent=5840"}],"curies":[{"name":"wp","href":"https:\/\/api.w.org\/{rel}","templated":true}]}}