{"id":5643,"date":"2018-07-17T02:35:51","date_gmt":"2018-07-17T07:35:51","guid":{"rendered":"http:\/\/cristinacortinas.org\/sustentabilidad\/?page_id=5643"},"modified":"2018-07-19T11:29:10","modified_gmt":"2018-07-19T16:29:10","slug":"registro-al-foro-de-economia-circular-en-queretaro","status":"publish","type":"page","link":"https:\/\/cristinacortinas.org\/sustentabilidad\/registro-al-foro-de-economia-circular-en-queretaro\/","title":{"rendered":"Registro al Foro de econom\u00eda circular en Quer\u00e9taro"},"content":{"rendered":"<div class=\"span12 \"><p style=\"text-align: center;\"><img loading=\"lazy\" decoding=\"async\" class=\"alignnone size-full wp-image-5735\" src=\"http:\/\/cristinacortinas.org\/sustentabilidad\/wp-content\/uploads\/2018\/07\/facebook.png\" alt=\"\" width=\"851\" height=\"315\" srcset=\"https:\/\/cristinacortinas.org\/sustentabilidad\/wp-content\/uploads\/2018\/07\/facebook.png 851w, https:\/\/cristinacortinas.org\/sustentabilidad\/wp-content\/uploads\/2018\/07\/facebook-300x111.png 300w, https:\/\/cristinacortinas.org\/sustentabilidad\/wp-content\/uploads\/2018\/07\/facebook-768x284.png 768w\" sizes=\"auto, (max-width: 851px) 100vw, 851px\" \/><\/p>\n<h3 style=\"text-align: center;\"><strong>\u00a0\u201cForo de Econom\u00eda de la Conservaci\u00f3n y Tr\u00e1nsito hacia la Econom\u00eda Circular en M\u00e9xico\u201d<\/strong><\/h3>\n<p style=\"text-align: center;\"><strong>FORMA DE REGISTRO<\/strong><\/p>\n<div class=\"span5 \">\n<div class=\"wpcf7 no-js\" id=\"wpcf7-f5717-o1\" lang=\"es-ES\" dir=\"ltr\" data-wpcf7-id=\"5717\">\n<div class=\"screen-reader-response\"><p role=\"status\" aria-live=\"polite\" aria-atomic=\"true\"><\/p> <ul><\/ul><\/div>\n<form action=\"\/sustentabilidad\/wp-json\/wp\/v2\/pages\/5643#wpcf7-f5717-o1\" method=\"post\" class=\"wpcf7-form init\" aria-label=\"Formulario de contacto\" novalidate=\"novalidate\" data-status=\"init\">\n<fieldset class=\"hidden-fields-container\"><input type=\"hidden\" name=\"_wpcf7\" value=\"5717\" \/><input type=\"hidden\" name=\"_wpcf7_version\" value=\"6.1.5\" \/><input type=\"hidden\" name=\"_wpcf7_locale\" value=\"es_ES\" \/><input type=\"hidden\" name=\"_wpcf7_unit_tag\" value=\"wpcf7-f5717-o1\" \/><input type=\"hidden\" name=\"_wpcf7_container_post\" value=\"0\" \/><input type=\"hidden\" name=\"_wpcf7_posted_data_hash\" value=\"\" \/><input type=\"hidden\" name=\"_wpcf7_recaptcha_response\" value=\"\" \/>\n<\/fieldset>\n<div class=\"wpcf7\">\n\t<p class=\"wpcf7-form\">\u00bfDesea pertenecer a la Red Digital de Econom\u00eda Circular para recibir informaci\u00f3n regular sobre el tema?\n\t<\/p>\n\t<p><span class=\"wpcf7-form-control-wrap\" data-name=\"red\"><span class=\"wpcf7-form-control wpcf7-checkbox wpcf7-validates-as-required\"><span class=\"wpcf7-list-item first\"><input type=\"checkbox\" name=\"red[]\" value=\"SI\" \/><span class=\"wpcf7-list-item-label\">SI<\/span><\/span><span class=\"wpcf7-list-item last\"><input type=\"checkbox\" name=\"red[]\" value=\"NO\" \/><span class=\"wpcf7-list-item-label\">NO<\/span><\/span><\/span><\/span>\n\t<\/p>\n\t<p class=\"wpcf7-form\">Nombre (requerido)\n\t<\/p>\n\t<p><span class=\"wpcf7-form-control-wrap\" data-name=\"your-name\"><input size=\"40\" maxlength=\"400\" class=\"wpcf7-form-control wpcf7-text wpcf7-validates-as-required\" aria-required=\"true\" aria-invalid=\"false\" value=\"\" type=\"text\" name=\"your-name\" \/><\/span>\n\t<\/p>\n\t<p >Cargo(requerido)\n\t<\/p>\n\t<p><span class=\"wpcf7-form-control-wrap\" data-name=\"cargo\"><input size=\"40\" maxlength=\"400\" class=\"wpcf7-form-control wpcf7-text wpcf7-validates-as-required\" aria-required=\"true\" aria-invalid=\"false\" value=\"\" type=\"text\" name=\"cargo\" \/><\/span>\n\t<\/p>\n\t<p class=\"wpcf7\">Empresa\/Organizaci\u00f3n\/Instituci\u00f3n:\n\t<\/p>\n\t<p><span class=\"wpcf7-form-control-wrap\" data-name=\"empresa\"><input size=\"40\" maxlength=\"400\" class=\"wpcf7-form-control wpcf7-text wpcf7-validates-as-required\" aria-required=\"true\" aria-invalid=\"false\" value=\"\" type=\"text\" name=\"empresa\" \/><\/span>\n\t<\/p>\n\t<p class=\"wpcf7\">Correo electr\u00f3nico (requerido)\n\t<\/p>\n\t<p><span class=\"wpcf7-form-control-wrap\" data-name=\"your-email\"><input size=\"40\" maxlength=\"400\" class=\"wpcf7-form-control wpcf7-email wpcf7-validates-as-required wpcf7-text wpcf7-validates-as-email\" aria-required=\"true\" aria-invalid=\"false\" value=\"\" type=\"email\" name=\"your-email\" \/><\/span>\n\t<\/p>\n\t<p class=\"wpcf7\">Tel\u00e9fono\/celular: (requerido)\n\t<\/p>\n\t<p><span class=\"wpcf7-form-control-wrap\" data-name=\"telefono\"><input size=\"40\" maxlength=\"400\" class=\"wpcf7-form-control wpcf7-tel wpcf7-text wpcf7-validates-as-tel\" aria-invalid=\"false\" value=\"\" type=\"tel\" name=\"telefono\" \/><\/span>\n\t<\/p>\n\t<p class=\"wpcf7\">Direcci\u00f3n (solo Municipio o Demarcaci\u00f3n Territorial y Estado)\n\t<\/p>\n\t<p><span class=\"wpcf7-form-control-wrap\" data-name=\"direccion\"><input size=\"40\" maxlength=\"400\" class=\"wpcf7-form-control wpcf7-text\" aria-invalid=\"false\" value=\"\" type=\"text\" name=\"direccion\" \/><\/span>\n\t<\/p>\n\t<p class=\"wpcf7-form\">Semblanza en 6 renglones (expertise, trayectoria profesional y estudios) :\n\t<\/p>\n\t<p><span class=\"wpcf7-form-control-wrap\" data-name=\"your-message\"><textarea cols=\"40\" rows=\"10\" maxlength=\"2000\" class=\"wpcf7-form-control wpcf7-textarea\" aria-invalid=\"false\" name=\"your-message\"><\/textarea><\/span>\n\t<\/p>\n\t<p class=\"wpcf7\">\n\t\n\t<\/p>\n\t<p class=\"wpcf7\"><input class=\"wpcf7-form-control wpcf7-submit has-spinner\" type=\"submit\" value=\"Enviar\" \/>\n\t<\/p>\n<\/div><p style=\"display: none !important;\" class=\"akismet-fields-container\" data-prefix=\"_wpcf7_ak_\"><label>&#916;<textarea name=\"_wpcf7_ak_hp_textarea\" cols=\"45\" rows=\"8\" maxlength=\"100\"><\/textarea><\/label><input type=\"hidden\" id=\"ak_js_1\" name=\"_wpcf7_ak_js\" value=\"117\"\/><script>document.getElementById( \"ak_js_1\" ).setAttribute( \"value\", ( new Date() ).getTime() );<\/script><\/p><div class=\"wpcf7-response-output\" aria-hidden=\"true\"><\/div>\n<\/form>\n<\/div>\n\n<p><strong><\/div><\/strong><\/p>\n<div class=\"span6 \"><h3>18 y 19 de octubre 2018<\/h3>\n<p><strong>Parque Tecnol\u00f3gico, Instituto Tecnol\u00f3gico y de Estudios Superiores de Monterrey, Campus Quer\u00e9taro, Ciudad de Quer\u00e9taro, Quer\u00e9taro<\/strong><\/p>\n<p><img decoding=\"async\" class=\"alignnone size-full wp-image-5551\" src=\"http:\/\/cristinacortinas.org\/sustentabilidad\/wp-content\/uploads\/2018\/07\/Foro-de-Quere\u0301taro-sobre-Economi\u0301a-Circular-Octubre-2018.png\" alt=\"Foro de econom\u00eda circular en Quer\u00e9taro\" \/><br \/><\/div><\/div>\n<div class=\"span12 \"><p>NOTA: La informaci\u00f3n proporcionada permitir\u00e1 integrar un documento con los \u201cPerfiles de participantes en el \u201cForo de Econom\u00eda de la Conservaci\u00f3n y Tr\u00e1nsito hacia la Econom\u00eda Circular en M\u00e9xico\u201d, que estar\u00e1 disponible en la Secci\u00f3n Econom\u00eda Circular, Foro Quer\u00e9taro, de la p\u00e1gina: www.cristinacortinas.org<\/p><\/div>\n","protected":false},"excerpt":{"rendered":"","protected":false},"author":1,"featured_media":5736,"parent":0,"menu_order":0,"comment_status":"closed","ping_status":"closed","template":"page-fullwidth.php","meta":{"footnotes":""},"class_list":["post-5643","page","type-page","status-publish","has-post-thumbnail","hentry"],"_links":{"self":[{"href":"https:\/\/cristinacortinas.org\/sustentabilidad\/wp-json\/wp\/v2\/pages\/5643","targetHints":{"allow":["GET"]}}],"collection":[{"href":"https:\/\/cristinacortinas.org\/sustentabilidad\/wp-json\/wp\/v2\/pages"}],"about":[{"href":"https:\/\/cristinacortinas.org\/sustentabilidad\/wp-json\/wp\/v2\/types\/page"}],"author":[{"embeddable":true,"href":"https:\/\/cristinacortinas.org\/sustentabilidad\/wp-json\/wp\/v2\/users\/1"}],"replies":[{"embeddable":true,"href":"https:\/\/cristinacortinas.org\/sustentabilidad\/wp-json\/wp\/v2\/comments?post=5643"}],"version-history":[{"count":24,"href":"https:\/\/cristinacortinas.org\/sustentabilidad\/wp-json\/wp\/v2\/pages\/5643\/revisions"}],"predecessor-version":[{"id":5739,"href":"https:\/\/cristinacortinas.org\/sustentabilidad\/wp-json\/wp\/v2\/pages\/5643\/revisions\/5739"}],"wp:featuredmedia":[{"embeddable":true,"href":"https:\/\/cristinacortinas.org\/sustentabilidad\/wp-json\/wp\/v2\/media\/5736"}],"wp:attachment":[{"href":"https:\/\/cristinacortinas.org\/sustentabilidad\/wp-json\/wp\/v2\/media?parent=5643"}],"curies":[{"name":"wp","href":"https:\/\/api.w.org\/{rel}","templated":true}]}}