{"id":4471,"date":"2017-07-15T00:31:57","date_gmt":"2017-07-15T05:31:57","guid":{"rendered":"http:\/\/cristinacortinas.org\/sustentabilidad\/?page_id=4471"},"modified":"2018-01-12T14:37:07","modified_gmt":"2018-01-12T20:37:07","slug":"diagnosticos-cdmx","status":"publish","type":"page","link":"https:\/\/cristinacortinas.org\/sustentabilidad\/diagnosticos-cdmx\/","title":{"rendered":"Diagn\u00f3sticos CDMX"},"content":{"rendered":"<div class=\"title-box clearfix \"><h2 class=\"title-box_primary\">DESCARGAS<\/h2><\/div><!-- \/\/.title-box -->\n<div class='w3eden'><!-- WPDM Link Template: Default Template -->\n\n<div class=\"link-template-default card mb-2\">\n    <div class=\"card-body\">\n        <div class=\"media\">\n            <div class=\"mr-3 img-48\"><img class=\"wpdm_icon\" alt=\"Icono\"   src=\"http:\/\/cristinacortinas.org\/sustentabilidad\/wp-content\/plugins\/download-manager\/assets\/file-type-icons\/pdf.png\" \/><\/div>\n            <div class=\"media-body\">\n                <h3 class=\"package-title\"><a href='https:\/\/cristinacortinas.org\/sustentabilidad\/download\/diagnostico-actual-del-flujo-de-residuos-que-se-genera-en-el-distrito-federal\/'>Diagn\u00f3stico actual del flujo de residuos que se genera en el Distrito Federal<\/a><\/h3>\n                <div class=\"text-muted text-small\"><i class=\"fas fa-copy\"><\/i> 1 archivo(s) <i class=\"fas fa-hdd ml-3\"><\/i> 4.15 MB<\/div>\n            <\/div>\n            <div class=\"ml-3\">\n                <a class='wpdm-download-link download-on-click btn btn-info ' rel='nofollow' href='#' data-downloadurl=\"https:\/\/cristinacortinas.org\/sustentabilidad\/download\/diagnostico-actual-del-flujo-de-residuos-que-se-genera-en-el-distrito-federal\/?wpdmdl=5017&refresh=69d719fa035a61775704570\">Descargar<\/a>\n            <\/div>\n        <\/div>\n    <\/div>\n<\/div>\n\n<\/div>\n<hr \/>\n<div class='w3eden'><!-- WPDM Link Template: Default Template -->\n\n<div class=\"link-template-default card mb-2\">\n    <div class=\"card-body\">\n        <div class=\"media\">\n            <div class=\"mr-3 img-48\"><img class=\"wpdm_icon\" alt=\"Icono\"   src=\"http:\/\/cristinacortinas.org\/sustentabilidad\/wp-content\/plugins\/download-manager\/assets\/file-type-icons\/pdf.png\" \/><\/div>\n            <div class=\"media-body\">\n                <h3 class=\"package-title\"><a href='https:\/\/cristinacortinas.org\/sustentabilidad\/download\/analisis-del-mercado-de-los-residuos-solidos-municipales-reciclables-y-evaluacion-de-su-potencial-de-desarrollo\/'>An\u00e1lisis del mercado de los residuos s\u00f3lidos municipales reciclables y evaluaci\u00f3n de su potencial de desarrollo<\/a><\/h3>\n                <div class=\"text-muted text-small\"><i class=\"fas fa-copy\"><\/i> 1 archivo(s) <i class=\"fas fa-hdd ml-3\"><\/i> 131.14 KB<\/div>\n            <\/div>\n            <div class=\"ml-3\">\n                <a class='wpdm-download-link download-on-click btn btn-info ' rel='nofollow' href='#' data-downloadurl=\"https:\/\/cristinacortinas.org\/sustentabilidad\/download\/analisis-del-mercado-de-los-residuos-solidos-municipales-reciclables-y-evaluacion-de-su-potencial-de-desarrollo\/?wpdmdl=5015&refresh=69d719fa07c971775704570\">Descargar<\/a>\n            <\/div>\n        <\/div>\n    <\/div>\n<\/div>\n\n<\/div>\n<hr \/>\n<div class='w3eden'><!-- WPDM Link Template: Default Template -->\n\n<div class=\"link-template-default card mb-2\">\n    <div class=\"card-body\">\n        <div class=\"media\">\n            <div class=\"mr-3 img-48\"><img class=\"wpdm_icon\" alt=\"Icono\"   src=\"http:\/\/cristinacortinas.org\/sustentabilidad\/wp-content\/plugins\/download-manager\/assets\/file-type-icons\/pdf.png\" \/><\/div>\n            <div class=\"media-body\">\n                <h3 class=\"package-title\"><a href='https:\/\/cristinacortinas.org\/sustentabilidad\/download\/estudio-de-generacion-de-residuos-peligrosos-domesticos-en-una-zona-habitacional\/'>Estudio de generaci\u00f3n de residuos peligrosos dom\u00e9sticos en una zona habitacional<\/a><\/h3>\n                <div class=\"text-muted text-small\"><i class=\"fas fa-copy\"><\/i> 1 archivo(s) <i class=\"fas fa-hdd ml-3\"><\/i> 205.81 KB<\/div>\n            <\/div>\n            <div class=\"ml-3\">\n                <a class='wpdm-download-link download-on-click btn btn-info ' rel='nofollow' href='#' data-downloadurl=\"https:\/\/cristinacortinas.org\/sustentabilidad\/download\/estudio-de-generacion-de-residuos-peligrosos-domesticos-en-una-zona-habitacional\/?wpdmdl=5018&refresh=69d719fa0cfc61775704570\">Descargar<\/a>\n            <\/div>\n        <\/div>\n    <\/div>\n<\/div>\n\n<\/div>\n<hr \/>\n<div class='w3eden'><!-- WPDM Link Template: Default Template -->\n\n<div class=\"link-template-default card mb-2\">\n    <div class=\"card-body\">\n        <div class=\"media\">\n            <div class=\"mr-3 img-48\"><img class=\"wpdm_icon\" alt=\"Icono\"   src=\"http:\/\/cristinacortinas.org\/sustentabilidad\/wp-content\/plugins\/download-manager\/assets\/file-type-icons\/pdf.png\" \/><\/div>\n            <div class=\"media-body\">\n                <h3 class=\"package-title\"><a href='https:\/\/cristinacortinas.org\/sustentabilidad\/download\/estudio-de-residuos-peligrosos-domesticos-en-el-df\/'>Estudio de Residuos Peligrosos Dom\u00e9sticos en el DF<\/a><\/h3>\n                <div class=\"text-muted text-small\"><i class=\"fas fa-copy\"><\/i> 1 archivo(s) <i class=\"fas fa-hdd ml-3\"><\/i> 205.81 KB<\/div>\n            <\/div>\n            <div class=\"ml-3\">\n                <a class='wpdm-download-link download-on-click btn btn-info ' rel='nofollow' href='#' data-downloadurl=\"https:\/\/cristinacortinas.org\/sustentabilidad\/download\/estudio-de-residuos-peligrosos-domesticos-en-el-df\/?wpdmdl=4503&refresh=69d719fa10a171775704570\">Descargar<\/a>\n            <\/div>\n        <\/div>\n    <\/div>\n<\/div>\n\n<\/div>\n<hr \/>\n<div class='w3eden'><!-- WPDM Link Template: Default Template -->\n\n<div class=\"link-template-default card mb-2\">\n    <div class=\"card-body\">\n        <div class=\"media\">\n            <div class=\"mr-3 img-48\"><img class=\"wpdm_icon\" alt=\"Icono\"   src=\"http:\/\/cristinacortinas.org\/sustentabilidad\/wp-content\/plugins\/download-manager\/assets\/file-type-icons\/pdf.png\" \/><\/div>\n            <div class=\"media-body\">\n                <h3 class=\"package-title\"><a href='https:\/\/cristinacortinas.org\/sustentabilidad\/download\/manual-de-evaluacion-del-desempeno-en-materia-de-residuos-en-la-cdmx\/'>Manual de evaluaci\u00f3n del desempe\u00f1o en materia de residuos en la CDMX<\/a><\/h3>\n                <div class=\"text-muted text-small\"><i class=\"fas fa-copy\"><\/i> 1 archivo(s) <i class=\"fas fa-hdd ml-3\"><\/i> 1.03 MB<\/div>\n            <\/div>\n            <div class=\"ml-3\">\n                <a class='wpdm-download-link download-on-click btn btn-info ' rel='nofollow' href='#' data-downloadurl=\"https:\/\/cristinacortinas.org\/sustentabilidad\/download\/manual-de-evaluacion-del-desempeno-en-materia-de-residuos-en-la-cdmx\/?wpdmdl=4490&refresh=69d719fa146211775704570\">Descargar<\/a>\n            <\/div>\n        <\/div>\n    <\/div>\n<\/div>\n\n<\/div>\n<hr \/>\n<div class='w3eden'><!-- WPDM Link Template: Default Template -->\n\n<div class=\"link-template-default card mb-2\">\n    <div class=\"card-body\">\n        <div class=\"media\">\n            <div class=\"mr-3 img-48\"><img class=\"wpdm_icon\" alt=\"Icono\"   src=\"http:\/\/cristinacortinas.org\/sustentabilidad\/wp-content\/plugins\/download-manager\/assets\/file-type-icons\/pdf.png\" \/><\/div>\n            <div class=\"media-body\">\n                <h3 class=\"package-title\"><a href='https:\/\/cristinacortinas.org\/sustentabilidad\/download\/inventario-de-residuos-solidos-cdmx-2014\/'>Inventario de residuos s\u00f3lidos CDMX 2014<\/a><\/h3>\n                <div class=\"text-muted text-small\"><i class=\"fas fa-copy\"><\/i> 1 archivo(s) <i class=\"fas fa-hdd ml-3\"><\/i> 6.53 MB<\/div>\n            <\/div>\n            <div class=\"ml-3\">\n                <a class='wpdm-download-link download-on-click btn btn-info ' rel='nofollow' href='#' data-downloadurl=\"https:\/\/cristinacortinas.org\/sustentabilidad\/download\/inventario-de-residuos-solidos-cdmx-2014\/?wpdmdl=4469&refresh=69d719fa182881775704570\">Descargar<\/a>\n            <\/div>\n        <\/div>\n    <\/div>\n<\/div>\n\n<\/div>\n<hr \/>\n<div class='w3eden'><!-- WPDM Link Template: Default Template -->\n\n<div class=\"link-template-default card mb-2\">\n    <div class=\"card-body\">\n        <div class=\"media\">\n            <div class=\"mr-3 img-48\"><img class=\"wpdm_icon\" alt=\"Icono\"   src=\"http:\/\/cristinacortinas.org\/sustentabilidad\/wp-content\/plugins\/download-manager\/assets\/file-type-icons\/pdf.png\" \/><\/div>\n            <div class=\"media-body\">\n                <h3 class=\"package-title\"><a href='https:\/\/cristinacortinas.org\/sustentabilidad\/download\/nuevas-tecnologias-para-el-tratamiento-de-residuos-solidos-urbanos-en-el-d-f\/'>Nuevas Tecnolog\u00edas para el Tratamiento de Residuos S\u00f3lidos Urbanos en el D.F<\/a><\/h3>\n                <div class=\"text-muted text-small\"><i class=\"fas fa-copy\"><\/i> 1 archivo(s) <i class=\"fas fa-hdd ml-3\"><\/i> 1.72 MB<\/div>\n            <\/div>\n            <div class=\"ml-3\">\n                <a class='wpdm-download-link download-on-click btn btn-info ' rel='nofollow' href='#' data-downloadurl=\"https:\/\/cristinacortinas.org\/sustentabilidad\/download\/nuevas-tecnologias-para-el-tratamiento-de-residuos-solidos-urbanos-en-el-d-f\/?wpdmdl=4467&refresh=69d719fa1bf831775704570\">Descargar<\/a>\n            <\/div>\n        <\/div>\n    <\/div>\n<\/div>\n\n<\/div>\n<hr \/>\n<div class='w3eden'><!-- WPDM Link Template: Default Template -->\n\n<div class=\"link-template-default card mb-2\">\n    <div class=\"card-body\">\n        <div class=\"media\">\n            <div class=\"mr-3 img-48\"><img class=\"wpdm_icon\" alt=\"Icono\"   src=\"http:\/\/cristinacortinas.org\/sustentabilidad\/wp-content\/plugins\/download-manager\/assets\/file-type-icons\/pdf.png\" \/><\/div>\n            <div class=\"media-body\">\n                <h3 class=\"package-title\"><a href='https:\/\/cristinacortinas.org\/sustentabilidad\/download\/sustentabilidad-de-opciones-de-solucion-para-el-manejo-de-los-residuos-en-el-distrito-federal\/'>Sustentabilidad de Opciones de Soluci\u00f3n para el Manejo de los Residuos en el Distrito Federal<\/a><\/h3>\n                <div class=\"text-muted text-small\"><i class=\"fas fa-copy\"><\/i> 1 archivo(s) <i class=\"fas fa-hdd ml-3\"><\/i> 1.62 MB<\/div>\n            <\/div>\n            <div class=\"ml-3\">\n                <a class='wpdm-download-link download-on-click btn btn-info ' rel='nofollow' href='#' data-downloadurl=\"https:\/\/cristinacortinas.org\/sustentabilidad\/download\/sustentabilidad-de-opciones-de-solucion-para-el-manejo-de-los-residuos-en-el-distrito-federal\/?wpdmdl=4465&refresh=69d719fa1f8a61775704570\">Descargar<\/a>\n            <\/div>\n        <\/div>\n    <\/div>\n<\/div>\n\n<\/div>\n","protected":false},"excerpt":{"rendered":"","protected":false},"author":1,"featured_media":0,"parent":0,"menu_order":0,"comment_status":"closed","ping_status":"closed","template":"","meta":[],"yoast_head":"<!-- This site is optimized with the Yoast SEO plugin v15.3 - https:\/\/yoast.com\/wordpress\/plugins\/seo\/ -->\n<meta name=\"robots\" content=\"index, follow, max-snippet:-1, max-image-preview:large, max-video-preview:-1\" \/>\n<link rel=\"canonical\" href=\"https:\/\/cristinacortinas.org\/sustentabilidad\/diagnosticos-cdmx\/\" \/>\n<meta property=\"og:locale\" content=\"es_ES\" \/>\n<meta property=\"og:type\" content=\"article\" \/>\n<meta property=\"og:title\" content=\"Diagn\u00f3sticos CDMX - Dra. Ma. Cristina Cortinas Dur\u00e1n\" \/>\n<meta property=\"og:url\" content=\"https:\/\/cristinacortinas.org\/sustentabilidad\/diagnosticos-cdmx\/\" \/>\n<meta property=\"og:site_name\" content=\"Dra. Ma. Cristina Cortinas Dur\u00e1n\" \/>\n<meta property=\"article:publisher\" content=\"https:\/\/www.facebook.com\/cristinacortinasduran\/\" \/>\n<meta property=\"article:modified_time\" content=\"2018-01-12T20:37:07+00:00\" \/>\n<meta name=\"twitter:card\" content=\"summary_large_image\" \/>\n<meta name=\"twitter:creator\" content=\"@DraCrisCortinas\" \/>\n<meta name=\"twitter:site\" content=\"@DraCrisCortinas\" \/>\n<meta name=\"twitter:label1\" content=\"Escrito por\">\n\t<meta name=\"twitter:data1\" content=\"CCristina\">\n\t<meta name=\"twitter:label2\" content=\"Tiempo de lectura\">\n\t<meta name=\"twitter:data2\" content=\"0 minutos\">\n<script type=\"application\/ld+json\" class=\"yoast-schema-graph\">{\"@context\":\"https:\/\/schema.org\",\"@graph\":[{\"@type\":\"WebSite\",\"@id\":\"https:\/\/cristinacortinas.org\/sustentabilidad\/#website\",\"url\":\"https:\/\/cristinacortinas.org\/sustentabilidad\/\",\"name\":\"Dra. Ma. Cristina Cortinas Dur\\u00e1n\",\"description\":\"\",\"potentialAction\":[{\"@type\":\"SearchAction\",\"target\":\"https:\/\/cristinacortinas.org\/sustentabilidad\/?s={search_term_string}\",\"query-input\":\"required name=search_term_string\"}],\"inLanguage\":\"es\"},{\"@type\":\"WebPage\",\"@id\":\"https:\/\/cristinacortinas.org\/sustentabilidad\/diagnosticos-cdmx\/#webpage\",\"url\":\"https:\/\/cristinacortinas.org\/sustentabilidad\/diagnosticos-cdmx\/\",\"name\":\"Diagn\\u00f3sticos CDMX - Dra. Ma. Cristina Cortinas Dur\\u00e1n\",\"isPartOf\":{\"@id\":\"https:\/\/cristinacortinas.org\/sustentabilidad\/#website\"},\"datePublished\":\"2017-07-15T05:31:57+00:00\",\"dateModified\":\"2018-01-12T20:37:07+00:00\",\"inLanguage\":\"es\",\"potentialAction\":[{\"@type\":\"ReadAction\",\"target\":[\"https:\/\/cristinacortinas.org\/sustentabilidad\/diagnosticos-cdmx\/\"]}]}]}<\/script>\n<!-- \/ Yoast SEO plugin. -->","_links":{"self":[{"href":"https:\/\/cristinacortinas.org\/sustentabilidad\/wp-json\/wp\/v2\/pages\/4471"}],"collection":[{"href":"https:\/\/cristinacortinas.org\/sustentabilidad\/wp-json\/wp\/v2\/pages"}],"about":[{"href":"https:\/\/cristinacortinas.org\/sustentabilidad\/wp-json\/wp\/v2\/types\/page"}],"author":[{"embeddable":true,"href":"https:\/\/cristinacortinas.org\/sustentabilidad\/wp-json\/wp\/v2\/users\/1"}],"replies":[{"embeddable":true,"href":"https:\/\/cristinacortinas.org\/sustentabilidad\/wp-json\/wp\/v2\/comments?post=4471"}],"version-history":[{"count":14,"href":"https:\/\/cristinacortinas.org\/sustentabilidad\/wp-json\/wp\/v2\/pages\/4471\/revisions"}],"predecessor-version":[{"id":5024,"href":"https:\/\/cristinacortinas.org\/sustentabilidad\/wp-json\/wp\/v2\/pages\/4471\/revisions\/5024"}],"wp:attachment":[{"href":"https:\/\/cristinacortinas.org\/sustentabilidad\/wp-json\/wp\/v2\/media?parent=4471"}],"curies":[{"name":"wp","href":"https:\/\/api.w.org\/{rel}","templated":true}]}}