{"id":2789,"date":"2016-03-28T16:51:06","date_gmt":"2016-03-28T22:51:06","guid":{"rendered":"http:\/\/cristinacortinas.org\/sustentabilidad\/?page_id=2789"},"modified":"2016-04-02T14:57:39","modified_gmt":"2016-04-02T20:57:39","slug":"proposito-de-la-seccion-sobre-jalisco","status":"publish","type":"page","link":"https:\/\/cristinacortinas.org\/sustentabilidad\/proposito-de-la-seccion-sobre-jalisco\/","title":{"rendered":"Noticias Jalisco"},"content":{"rendered":"<p>El inter\u00e9s en la construcci\u00f3n de un espacio en este portal electr\u00f3nico, destinado al estado de Jalisco, es llamar la atenci\u00f3n sobre arreglos institucionales y ejemplos de participaci\u00f3n ciudadana, destinados a mejorar la gesti\u00f3n ambiental en la entidad \u2013en general-, y en particular en aspectos relacionados con la prevenci\u00f3n y gesti\u00f3n integral de los residuos, el cuidado de la calidad del agua y la protecci\u00f3n de los ecosistemas.<\/p>\n<p>Por lo anterior, se dedica particular atenci\u00f3n a poner al alcance informaci\u00f3n sobre las experiencias de creaci\u00f3n de INTERMUNICIPALIDADES, como una v\u00eda de creaci\u00f3n de sinergias para la soluci\u00f3n de problemas municipales comunes, alcanzar econom\u00edas de escala que permitan lograr sistemas de gesti\u00f3n viables y dar mayor estabilidad a los organismos operadores de tales sistemas; lo cual no est\u00e1 exento de amenazas que debieran eliminarse mediante el desarrollo de estrategias participativas y su consolidaci\u00f3n legal, financiera, administrativa, t\u00e9cnica, ambiental y social.<\/p>\n<p>En ese mismo orden de ideas, se abre un espacio para difundir los Programas para la Prevenci\u00f3n y Gesti\u00f3n Integral de los Residuos que se han ido gestando e implementando en la entidad, en la secci\u00f3n sobre PROGRAMAS DE RESIDUOS; como un ejemplo de la aplicaci\u00f3n de las disposiciones de la NORMATIVIDAD en la materia tanto estatal como municipal.<\/p>\n<p>Un hecho singular al que se le abre un espacio, es al de la PLANEACI\u00d3N INTERSECTORIAL del Programa Estatal para la Prevenci\u00f3n y Gesti\u00f3n Integral de Residuos de Jalisco, con la participaci\u00f3n informada y organizada de representantes de los diversos sectores involucrados, gubernamentales y no gubernamentales. Ello se ver\u00e1 reflejado en los cap\u00edtulos destinados a que cada sector exprese los problemas que les preocupan, las actividades que realizan que est\u00e1n contribuyendo a la soluci\u00f3n de tales problemas y las que estar\u00e1n dispuestos a realizar en el marco de este Programa intersectorial, para hacer efectivo el principio de responsabilidad compartida. Como se trata de un proceso en pleno desarrollo que culminar\u00e1 en el mes de junio pr\u00f3ximo, para darlo a conocer se ir\u00e1n incorporando en esta secci\u00f3n los diferentes pasos que se est\u00e1n dando para lograr este fin, de manera que se convierta en un proceso abierto y transparente, sobre el que puedan opinar los grupos de inter\u00e9s en la entidad, con el conocimiento de lo que pasa en ella al respecto; aunque tambi\u00e9n son bienvenidas las opiniones provenientes de otras entidades.<\/p>\n","protected":false},"excerpt":{"rendered":"<p>El inter\u00e9s en la construcci\u00f3n de un espacio en este portal electr\u00f3nico, destinado al estado de Jalisco, es llamar la atenci\u00f3n sobre arreglos institucionales y ejemplos de participaci\u00f3n ciudadana, destinados a mejorar la gesti\u00f3n ambiental en la entidad \u2013en general-, y en particular en aspectos relacionados con la prevenci\u00f3n y gesti\u00f3n integral de los residuos, el cuidado de la calidad&nbsp;<a href=\"https:\/\/cristinacortinas.org\/sustentabilidad\/proposito-de-la-seccion-sobre-jalisco\/\" class=\"read-more\">Seguir leyendo<\/a><\/p>\n","protected":false},"author":1,"featured_media":0,"parent":0,"menu_order":0,"comment_status":"closed","ping_status":"closed","template":"","meta":{"footnotes":""},"class_list":["post-2789","page","type-page","status-publish","hentry"],"_links":{"self":[{"href":"https:\/\/cristinacortinas.org\/sustentabilidad\/wp-json\/wp\/v2\/pages\/2789","targetHints":{"allow":["GET"]}}],"collection":[{"href":"https:\/\/cristinacortinas.org\/sustentabilidad\/wp-json\/wp\/v2\/pages"}],"about":[{"href":"https:\/\/cristinacortinas.org\/sustentabilidad\/wp-json\/wp\/v2\/types\/page"}],"author":[{"embeddable":true,"href":"https:\/\/cristinacortinas.org\/sustentabilidad\/wp-json\/wp\/v2\/users\/1"}],"replies":[{"embeddable":true,"href":"https:\/\/cristinacortinas.org\/sustentabilidad\/wp-json\/wp\/v2\/comments?post=2789"}],"version-history":[{"count":4,"href":"https:\/\/cristinacortinas.org\/sustentabilidad\/wp-json\/wp\/v2\/pages\/2789\/revisions"}],"predecessor-version":[{"id":2918,"href":"https:\/\/cristinacortinas.org\/sustentabilidad\/wp-json\/wp\/v2\/pages\/2789\/revisions\/2918"}],"wp:attachment":[{"href":"https:\/\/cristinacortinas.org\/sustentabilidad\/wp-json\/wp\/v2\/media?parent=2789"}],"curies":[{"name":"wp","href":"https:\/\/api.w.org\/{rel}","templated":true}]}}