{"id":2739,"date":"2016-03-24T23:26:09","date_gmt":"2016-03-25T05:26:09","guid":{"rendered":"http:\/\/cristinacortinas.org\/sustentabilidad\/?page_id=2739"},"modified":"2016-03-28T16:01:10","modified_gmt":"2016-03-28T22:01:10","slug":"proposito-de-la-seccion-sobre-queretaro","status":"publish","type":"page","link":"https:\/\/cristinacortinas.org\/sustentabilidad\/proposito-de-la-seccion-sobre-queretaro\/","title":{"rendered":"Prop\u00f3sito de la Secci\u00f3n sobre Quer\u00e9taro"},"content":{"rendered":"<p>El prop\u00f3sito de esta Secci\u00f3n del Portal es ilustrar lo que est\u00e1 teniendo lugar en una entidad federativa, como Quer\u00e9taro, en relaci\u00f3n con la gesti\u00f3n ambiental en general, y con aspectos relacionados con la misma, como son la gesti\u00f3n ambientalmente adecuada de las sustancias qu\u00edmicas y los residuos, as\u00ed como el desarrollo de las ciudades y del estado, la participaci\u00f3n ciudadana tendiente a incidir en las pol\u00edticas p\u00fablicas en la materia y el acceso p\u00fablico a la informaci\u00f3n, teniendo en cuenta la legislaci\u00f3n sobre transparencia y acceso a la informaci\u00f3n.<\/p>\n<p>En la secci\u00f3n de ANALISIS, aparecen en la fase inicial de su construcci\u00f3n, tres documentos:<\/p>\n<ol>\n<li><strong>Hacia la Sustentabilidad del Desarrollo de Quer\u00e9taro<\/strong>. Que re\u00fane un conjunto de puntos de vista de especialistas sobre este tema, expresados en 2015.<\/li>\n<\/ol>\n<ol start=\"2\">\n<li><strong>Hacia un Sistema Metropolitano de Gesti\u00f3n Integral de Residuos y Aprovechamiento Sustentable de Materiales Post Consumo<\/strong>. Constituye un cap\u00edtulo del libro <em>El reto metropolitano de Quer\u00e9taro<\/em>, escrito por Ignacio Kunz B, Alejandro Angulo C., Roberto De La Llata G., Cristina Cortinas y Luis Miguel Mitre A, y publicado por el Instituto Queretano de la Cultura y las Artes en 2015.<\/li>\n<\/ol>\n<ol start=\"3\">\n<li><strong>Antecedentes de la Red Queretana de Manejo de Residuos A.C<\/strong>. (REQMAR). Elaborado por la autora de esta p\u00e1gina electr\u00f3nica, quien Preside esta organizaci\u00f3n.<\/li>\n<\/ol>\n<p>A manera de ejemplo de estudios que se han desarrollado en la entidad para evaluar la sustentabilidad del desarrollo de la Zona Metropolitana de Quer\u00e9taro, se incorporaron en la secci\u00f3n de REFERENCIAS dos documentos coyunturales; el primero elaborado por un grupo de especialistas de la entidad con el apoyo del Programa de las Naciones Unidas Para el Desarrollo (PNUD), y el segundo elaborado por el Instituto Nacional de Ecolog\u00eda y Cambio Clim\u00e1tico (INECC):<\/p>\n<ol>\n<li><strong>GEO Zona Metropolitana de Quer\u00e9taro<\/strong>. 2008<\/li>\n<li><strong>Ciudades Sustentables. Zona Metropolitana de Quer\u00e9taro<\/strong> 2013<\/li>\n<\/ol>\n<p>Los diagn\u00f3sticos realizados en ambos documentos y las recomendaciones surgidas de ellos a\u00fan son v\u00e1lidas en 2016, raz\u00f3n por la cual se invita a los ciudadanos a impulsar su difusi\u00f3n e implementaci\u00f3n, como v\u00eda para lograr un ambiente sano en la entidad y la protecci\u00f3n de los derechos humanos.<\/p>\n<p>As\u00ed mismo, se presenta el <strong>Programa para la Prevenci\u00f3n y Gesti\u00f3n Integral de los Residuos del Estado de Quer\u00e9taro<\/strong> 2011, elaborado con el apoyo de la Secretar\u00eda de Medio Ambiente y Recursos Naturales (SEMARNAT) con recursos federales, a la que se hizo entrega, tras de haber sido sometido a consulta p\u00fablica, pero que no fue publicado en la entidad ni presentado formalmente. En este Programa, se incorporaron propuestas de fortalecimiento de capacidades en este campo, que quedaron plasmadas en un documento intitulado <em>Agenda Nacional Ciudadana para la Prevenci\u00f3n y Gesti\u00f3n Integral de Residuos<\/em>, que surgi\u00f3 del \u201cPrimer Encuentro Nacional de Organizaciones Ciudadanas Involucradas en la Prevenci\u00f3n y Gesti\u00f3n Integral de Residuos\u201d, realizado en Quer\u00e9taro en 2010 y convocado por la Red Queretana de Manejo de Residuos A. C. (REQMAR), junto con la Secretar\u00eda de Desarrollo Sustentable (SEDESU) del Ejecutivo estatal y la Delegaci\u00f3n de la SEMARNAT en el estado. De manera que tambi\u00e9n se invita a conocerlo, difundirlo y a colaborar en su implementaci\u00f3n, puesto que fue formulado con un horizonte hasta 2017 de conformidad con lo previsto en la legislaci\u00f3n estatal en la materia, que prev\u00e9 su actualizaci\u00f3n cada seis a\u00f1os.<\/p>\n<p>Complementa este conjunto de documentos introducidos en esta secci\u00f3n al momento de su creaci\u00f3n, el <strong>Manual de manejo adecuado de residuos s\u00f3lidos Escuela limpia en Quer\u00e9taro de Arteaga<\/strong>, publicado en 2006 por la SEMARNAT, con el fin de alcanzar, mediante la educaci\u00f3n, la disminuci\u00f3n de la generaci\u00f3n, el aprovechamiento de los materiales reciclables y un manejo integral y ambientalmente adecuado de los mismos.<\/p>\n<p>Este primer conjunto de documentos difundidos a trav\u00e9s de esta p\u00e1gina, particularmente los relacionados con la prevenci\u00f3n y gesti\u00f3n integral de los residuos, son un indicador de que en Quer\u00e9taro ya se cuenta con suficientes diagn\u00f3sticos y recomendaciones para pasar a la acci\u00f3n, y en este caso, hacer efectiva la aplicaci\u00f3n del principio de responsabilidad compartida enunciado en la legislaci\u00f3n en la materia como sigue:<\/p>\n<p><em>La responsabilidad compartida de los productores, importadores, exportadores, comercializadores, consumidores, empresas de servicios de manejo de residuos y de las autoridades de los tres \u00f3rdenes de gobierno es fundamental para lograr que el manejo integral de los residuos sea ambientalmente eficiente, tecnol\u00f3gicamente viable y econ\u00f3micamente factible<\/em>.<\/p>\n","protected":false},"excerpt":{"rendered":"El prop\u00f3sito de esta Secci\u00f3n del Portal es ilustrar lo que est\u00e1 teniendo lugar en una entidad federativa, como Quer\u00e9taro, en relaci\u00f3n con la gesti\u00f3n ambiental en general, y con aspectos relacionados con la misma, como son la gesti\u00f3n ambientalmente adecuada de las sustancias qu\u00edmicas y los residuos, as\u00ed como el desarrollo de las ciudades y del estado, la participaci\u00f3n&nbsp;<a href=\"https:\/\/cristinacortinas.org\/sustentabilidad\/proposito-de-la-seccion-sobre-queretaro\/\" class=\"read-more\">Seguir leyendo<\/a>","protected":false},"author":1,"featured_media":0,"parent":0,"menu_order":0,"comment_status":"closed","ping_status":"closed","template":"","meta":[],"yoast_head":"<!-- This site is optimized with the Yoast SEO plugin v15.3 - https:\/\/yoast.com\/wordpress\/plugins\/seo\/ -->\n<meta name=\"robots\" content=\"index, follow, max-snippet:-1, max-image-preview:large, max-video-preview:-1\" \/>\n<link rel=\"canonical\" href=\"https:\/\/cristinacortinas.org\/sustentabilidad\/proposito-de-la-seccion-sobre-queretaro\/\" \/>\n<meta property=\"og:locale\" content=\"es_ES\" \/>\n<meta property=\"og:type\" content=\"article\" \/>\n<meta property=\"og:title\" content=\"Prop\u00f3sito de la Secci\u00f3n sobre Quer\u00e9taro - Dra. Ma. Cristina Cortinas Dur\u00e1n\" \/>\n<meta property=\"og:description\" content=\"El prop\u00f3sito de esta Secci\u00f3n del Portal es ilustrar lo que est\u00e1 teniendo lugar en una entidad federativa, como Quer\u00e9taro, en relaci\u00f3n con la gesti\u00f3n ambiental en general, y con aspectos relacionados con la misma, como son la gesti\u00f3n ambientalmente adecuada de las sustancias qu\u00edmicas y los residuos, as\u00ed como el desarrollo de las ciudades y del estado, la participaci\u00f3n&nbsp;Seguir leyendo\" \/>\n<meta property=\"og:url\" content=\"https:\/\/cristinacortinas.org\/sustentabilidad\/proposito-de-la-seccion-sobre-queretaro\/\" \/>\n<meta property=\"og:site_name\" content=\"Dra. Ma. Cristina Cortinas Dur\u00e1n\" \/>\n<meta property=\"article:publisher\" content=\"https:\/\/www.facebook.com\/cristinacortinasduran\/\" \/>\n<meta property=\"article:modified_time\" content=\"2016-03-28T22:01:10+00:00\" \/>\n<meta name=\"twitter:card\" content=\"summary_large_image\" \/>\n<meta name=\"twitter:creator\" content=\"@DraCrisCortinas\" \/>\n<meta name=\"twitter:site\" content=\"@DraCrisCortinas\" \/>\n<meta name=\"twitter:label1\" content=\"Escrito por\">\n\t<meta name=\"twitter:data1\" content=\"CCristina\">\n\t<meta name=\"twitter:label2\" content=\"Tiempo de lectura\">\n\t<meta name=\"twitter:data2\" content=\"3 minutos\">\n<script type=\"application\/ld+json\" class=\"yoast-schema-graph\">{\"@context\":\"https:\/\/schema.org\",\"@graph\":[{\"@type\":\"WebSite\",\"@id\":\"https:\/\/cristinacortinas.org\/sustentabilidad\/#website\",\"url\":\"https:\/\/cristinacortinas.org\/sustentabilidad\/\",\"name\":\"Dra. Ma. Cristina Cortinas Dur\\u00e1n\",\"description\":\"\",\"potentialAction\":[{\"@type\":\"SearchAction\",\"target\":\"https:\/\/cristinacortinas.org\/sustentabilidad\/?s={search_term_string}\",\"query-input\":\"required name=search_term_string\"}],\"inLanguage\":\"es\"},{\"@type\":\"WebPage\",\"@id\":\"https:\/\/cristinacortinas.org\/sustentabilidad\/proposito-de-la-seccion-sobre-queretaro\/#webpage\",\"url\":\"https:\/\/cristinacortinas.org\/sustentabilidad\/proposito-de-la-seccion-sobre-queretaro\/\",\"name\":\"Prop\\u00f3sito de la Secci\\u00f3n sobre Quer\\u00e9taro - Dra. Ma. Cristina Cortinas Dur\\u00e1n\",\"isPartOf\":{\"@id\":\"https:\/\/cristinacortinas.org\/sustentabilidad\/#website\"},\"datePublished\":\"2016-03-25T05:26:09+00:00\",\"dateModified\":\"2016-03-28T22:01:10+00:00\",\"inLanguage\":\"es\",\"potentialAction\":[{\"@type\":\"ReadAction\",\"target\":[\"https:\/\/cristinacortinas.org\/sustentabilidad\/proposito-de-la-seccion-sobre-queretaro\/\"]}]}]}<\/script>\n<!-- \/ Yoast SEO plugin. -->","_links":{"self":[{"href":"https:\/\/cristinacortinas.org\/sustentabilidad\/wp-json\/wp\/v2\/pages\/2739"}],"collection":[{"href":"https:\/\/cristinacortinas.org\/sustentabilidad\/wp-json\/wp\/v2\/pages"}],"about":[{"href":"https:\/\/cristinacortinas.org\/sustentabilidad\/wp-json\/wp\/v2\/types\/page"}],"author":[{"embeddable":true,"href":"https:\/\/cristinacortinas.org\/sustentabilidad\/wp-json\/wp\/v2\/users\/1"}],"replies":[{"embeddable":true,"href":"https:\/\/cristinacortinas.org\/sustentabilidad\/wp-json\/wp\/v2\/comments?post=2739"}],"version-history":[{"count":2,"href":"https:\/\/cristinacortinas.org\/sustentabilidad\/wp-json\/wp\/v2\/pages\/2739\/revisions"}],"predecessor-version":[{"id":2774,"href":"https:\/\/cristinacortinas.org\/sustentabilidad\/wp-json\/wp\/v2\/pages\/2739\/revisions\/2774"}],"wp:attachment":[{"href":"https:\/\/cristinacortinas.org\/sustentabilidad\/wp-json\/wp\/v2\/media?parent=2739"}],"curies":[{"name":"wp","href":"https:\/\/api.w.org\/{rel}","templated":true}]}}