{"id":2654,"date":"2016-03-22T07:49:57","date_gmt":"2016-03-22T13:49:57","guid":{"rendered":"http:\/\/cristinacortinas.org\/sustentabilidad\/?page_id=2654"},"modified":"2016-03-22T07:49:57","modified_gmt":"2016-03-22T13:49:57","slug":"contexto","status":"publish","type":"page","link":"https:\/\/cristinacortinas.org\/sustentabilidad\/contexto\/","title":{"rendered":"Contexto"},"content":{"rendered":"<p>Todo el contenido de esta p\u00e1gina est\u00e1 interrelacionado y gran parte de los documentos que aparecen en ella han sido seleccionados con el prop\u00f3sito de complementar los art\u00edculos de an\u00e1lisis de la autora, que buscan poner en contexto la situaci\u00f3n de M\u00e9xico en relaci\u00f3n con los temas centrales que son los riesgos que conllevan para la salud humana, el ambiente y la biodiversidad la liberaci\u00f3n de y la exposici\u00f3n a sustancias t\u00f3xicas y peligrosas y residuos.<\/p>\n<p>Lo anterior, porque es preciso formular en M\u00e9xico pol\u00edticas p\u00fablicas en estas materias, con el concurso informado y responsable tanto de autoridades, como de ciudadanos; lo cual demanda que todos ellos tengan puntos de referencia comunes para determinar d\u00f3nde estamos con respecto a nosotros mismos a lo largo de los a\u00f1os, as\u00ed como en relaci\u00f3n a otros pa\u00edses, particularmente aquellos que son miembros como M\u00e9xico de la Organizaci\u00f3n para la Cooperaci\u00f3n Ambiental y el Desarrollo Econ\u00f3mico (OCDE), como son Canad\u00e1, Chile, Estados Unidos, Jap\u00f3n y los pa\u00edses de la Uni\u00f3n Europea, entre otros.<\/p>\n<p>A la vez, se ha considerado necesario incorporar a la p\u00e1gina art\u00edculos, estudios y documentos de posici\u00f3n de expertos y de organismos internacionales, que llaman la atenci\u00f3n sobre c\u00f3mo ha evolucionado el estado del ambiente en los \u00faltimos a\u00f1os y c\u00f3mo se han ido acumulando en el organismo humano y en la flora y fauna una serie de sustancias qu\u00edmicas extra\u00f1as producidas e introducidas a los productos de consumo y liberadas al ambiente, que amenazan su salud y su vida.<\/p>\n<p>Tambi\u00e9n se ha cre\u00eddo pertinente, cubrir aspectos metodol\u00f3gicos necesarios para evaluar la peligrosidad y riesgos de sustancias y residuos, as\u00ed como poner al alcance gu\u00edas de buenas pr\u00e1cticas ambientales (MPA) o de mejores t\u00e9cnicas disponibles (MTD), y otras que nos pueden permitir sin dilaci\u00f3n contribuir a reducir la exposici\u00f3n y riesgos a los que pueden dar lugar.<\/p>\n<p>No menos importante, es citar algunas de las normas jur\u00eddicas nacionales e internacionales coyunturales, con el \u00e1nimo de impulsar la puesta al d\u00eda de nuestra normatividad en estas materias, su divulgaci\u00f3n, su aplicaci\u00f3n y la evaluaci\u00f3n de su eficiencia y eficacia, para lograr los fines de prevenci\u00f3n y mitigaci\u00f3n de riesgos a la salud humana, al ambiente y a la biodiversidad.<\/p>\n<p>En la secci\u00f3n sobre M\u00e9xico, se ir\u00e1n incorporando ejemplos de lo que est\u00e1 sucediendo a nivel local en nuestras entidades federativas y municipios, en relaci\u00f3n con todas estas cuestiones, para mostrar c\u00f3mo est\u00e1n incidiendo en nuestras vidas.<\/p>\n<p>Las opiniones de los lectores de esta p\u00e1gina ser\u00e1n bienvenidas para irla enriqueciendo con otros materiales y puntos de vista.<\/p>\n","protected":false},"excerpt":{"rendered":"<p>Todo el contenido de esta p\u00e1gina est\u00e1 interrelacionado y gran parte de los documentos que aparecen en ella han sido seleccionados con el prop\u00f3sito de complementar los art\u00edculos de an\u00e1lisis de la autora, que buscan poner en contexto la situaci\u00f3n de M\u00e9xico en relaci\u00f3n con los temas centrales que son los riesgos que conllevan para la salud humana, el ambiente&nbsp;<a href=\"https:\/\/cristinacortinas.org\/sustentabilidad\/contexto\/\" class=\"read-more\">Seguir leyendo<\/a><\/p>\n","protected":false},"author":1,"featured_media":0,"parent":0,"menu_order":0,"comment_status":"closed","ping_status":"closed","template":"","meta":{"footnotes":""},"class_list":["post-2654","page","type-page","status-publish","hentry"],"yoast_head":"<!-- This site is optimized with the Yoast SEO plugin v27.4 - https:\/\/yoast.com\/product\/yoast-seo-wordpress\/ -->\n<title>Contexto - Dra. Ma. Cristina Cortinas Dur\u00e1n<\/title>\n<meta name=\"robots\" content=\"index, follow, max-snippet:-1, max-image-preview:large, max-video-preview:-1\" \/>\n<link rel=\"canonical\" href=\"https:\/\/cristinacortinas.org\/sustentabilidad\/contexto\/\" \/>\n<meta property=\"og:locale\" content=\"es_ES\" \/>\n<meta property=\"og:type\" content=\"article\" \/>\n<meta property=\"og:title\" content=\"Contexto - Dra. Ma. Cristina Cortinas Dur\u00e1n\" \/>\n<meta property=\"og:description\" content=\"Todo el contenido de esta p\u00e1gina est\u00e1 interrelacionado y gran parte de los documentos que aparecen en ella han sido seleccionados con el prop\u00f3sito de complementar los art\u00edculos de an\u00e1lisis de la autora, que buscan poner en contexto la situaci\u00f3n de M\u00e9xico en relaci\u00f3n con los temas centrales que son los riesgos que conllevan para la salud humana, el ambiente&nbsp;Seguir leyendo\" \/>\n<meta property=\"og:url\" content=\"https:\/\/cristinacortinas.org\/sustentabilidad\/contexto\/\" \/>\n<meta property=\"og:site_name\" content=\"Dra. Ma. Cristina Cortinas Dur\u00e1n\" \/>\n<meta property=\"article:publisher\" content=\"https:\/\/www.facebook.com\/cristinacortinasduran\/\" \/>\n<meta name=\"twitter:card\" content=\"summary_large_image\" \/>\n<meta name=\"twitter:site\" content=\"@DraCrisCortinas\" \/>\n<meta name=\"twitter:label1\" content=\"Tiempo de lectura\" \/>\n\t<meta name=\"twitter:data1\" content=\"2 minutos\" \/>\n<script type=\"application\/ld+json\" class=\"yoast-schema-graph\">{\"@context\":\"https:\\\/\\\/schema.org\",\"@graph\":[{\"@type\":\"WebPage\",\"@id\":\"https:\\\/\\\/cristinacortinas.org\\\/sustentabilidad\\\/contexto\\\/\",\"url\":\"https:\\\/\\\/cristinacortinas.org\\\/sustentabilidad\\\/contexto\\\/\",\"name\":\"Contexto - Dra. Ma. Cristina Cortinas Dur\u00e1n\",\"isPartOf\":{\"@id\":\"https:\\\/\\\/cristinacortinas.org\\\/sustentabilidad\\\/#website\"},\"datePublished\":\"2016-03-22T13:49:57+00:00\",\"breadcrumb\":{\"@id\":\"https:\\\/\\\/cristinacortinas.org\\\/sustentabilidad\\\/contexto\\\/#breadcrumb\"},\"inLanguage\":\"es\",\"potentialAction\":[{\"@type\":\"ReadAction\",\"target\":[\"https:\\\/\\\/cristinacortinas.org\\\/sustentabilidad\\\/contexto\\\/\"]}]},{\"@type\":\"BreadcrumbList\",\"@id\":\"https:\\\/\\\/cristinacortinas.org\\\/sustentabilidad\\\/contexto\\\/#breadcrumb\",\"itemListElement\":[{\"@type\":\"ListItem\",\"position\":1,\"name\":\"Portada\",\"item\":\"https:\\\/\\\/cristinacortinas.org\\\/sustentabilidad\\\/\"},{\"@type\":\"ListItem\",\"position\":2,\"name\":\"Contexto\"}]},{\"@type\":\"WebSite\",\"@id\":\"https:\\\/\\\/cristinacortinas.org\\\/sustentabilidad\\\/#website\",\"url\":\"https:\\\/\\\/cristinacortinas.org\\\/sustentabilidad\\\/\",\"name\":\"Dra. Ma. Cristina Cortinas Dur\u00e1n\",\"description\":\"\",\"potentialAction\":[{\"@type\":\"SearchAction\",\"target\":{\"@type\":\"EntryPoint\",\"urlTemplate\":\"https:\\\/\\\/cristinacortinas.org\\\/sustentabilidad\\\/?s={search_term_string}\"},\"query-input\":{\"@type\":\"PropertyValueSpecification\",\"valueRequired\":true,\"valueName\":\"search_term_string\"}}],\"inLanguage\":\"es\"}]}<\/script>\n<!-- \/ Yoast SEO plugin. -->","yoast_head_json":{"title":"Contexto - Dra. Ma. Cristina Cortinas Dur\u00e1n","robots":{"index":"index","follow":"follow","max-snippet":"max-snippet:-1","max-image-preview":"max-image-preview:large","max-video-preview":"max-video-preview:-1"},"canonical":"https:\/\/cristinacortinas.org\/sustentabilidad\/contexto\/","og_locale":"es_ES","og_type":"article","og_title":"Contexto - Dra. Ma. Cristina Cortinas Dur\u00e1n","og_description":"Todo el contenido de esta p\u00e1gina est\u00e1 interrelacionado y gran parte de los documentos que aparecen en ella han sido seleccionados con el prop\u00f3sito de complementar los art\u00edculos de an\u00e1lisis de la autora, que buscan poner en contexto la situaci\u00f3n de M\u00e9xico en relaci\u00f3n con los temas centrales que son los riesgos que conllevan para la salud humana, el ambiente&nbsp;Seguir leyendo","og_url":"https:\/\/cristinacortinas.org\/sustentabilidad\/contexto\/","og_site_name":"Dra. Ma. Cristina Cortinas Dur\u00e1n","article_publisher":"https:\/\/www.facebook.com\/cristinacortinasduran\/","twitter_card":"summary_large_image","twitter_site":"@DraCrisCortinas","twitter_misc":{"Tiempo de lectura":"2 minutos"},"schema":{"@context":"https:\/\/schema.org","@graph":[{"@type":"WebPage","@id":"https:\/\/cristinacortinas.org\/sustentabilidad\/contexto\/","url":"https:\/\/cristinacortinas.org\/sustentabilidad\/contexto\/","name":"Contexto - Dra. Ma. Cristina Cortinas Dur\u00e1n","isPartOf":{"@id":"https:\/\/cristinacortinas.org\/sustentabilidad\/#website"},"datePublished":"2016-03-22T13:49:57+00:00","breadcrumb":{"@id":"https:\/\/cristinacortinas.org\/sustentabilidad\/contexto\/#breadcrumb"},"inLanguage":"es","potentialAction":[{"@type":"ReadAction","target":["https:\/\/cristinacortinas.org\/sustentabilidad\/contexto\/"]}]},{"@type":"BreadcrumbList","@id":"https:\/\/cristinacortinas.org\/sustentabilidad\/contexto\/#breadcrumb","itemListElement":[{"@type":"ListItem","position":1,"name":"Portada","item":"https:\/\/cristinacortinas.org\/sustentabilidad\/"},{"@type":"ListItem","position":2,"name":"Contexto"}]},{"@type":"WebSite","@id":"https:\/\/cristinacortinas.org\/sustentabilidad\/#website","url":"https:\/\/cristinacortinas.org\/sustentabilidad\/","name":"Dra. Ma. Cristina Cortinas Dur\u00e1n","description":"","potentialAction":[{"@type":"SearchAction","target":{"@type":"EntryPoint","urlTemplate":"https:\/\/cristinacortinas.org\/sustentabilidad\/?s={search_term_string}"},"query-input":{"@type":"PropertyValueSpecification","valueRequired":true,"valueName":"search_term_string"}}],"inLanguage":"es"}]}},"_links":{"self":[{"href":"https:\/\/cristinacortinas.org\/sustentabilidad\/wp-json\/wp\/v2\/pages\/2654","targetHints":{"allow":["GET"]}}],"collection":[{"href":"https:\/\/cristinacortinas.org\/sustentabilidad\/wp-json\/wp\/v2\/pages"}],"about":[{"href":"https:\/\/cristinacortinas.org\/sustentabilidad\/wp-json\/wp\/v2\/types\/page"}],"author":[{"embeddable":true,"href":"https:\/\/cristinacortinas.org\/sustentabilidad\/wp-json\/wp\/v2\/users\/1"}],"replies":[{"embeddable":true,"href":"https:\/\/cristinacortinas.org\/sustentabilidad\/wp-json\/wp\/v2\/comments?post=2654"}],"version-history":[{"count":1,"href":"https:\/\/cristinacortinas.org\/sustentabilidad\/wp-json\/wp\/v2\/pages\/2654\/revisions"}],"predecessor-version":[{"id":2655,"href":"https:\/\/cristinacortinas.org\/sustentabilidad\/wp-json\/wp\/v2\/pages\/2654\/revisions\/2655"}],"wp:attachment":[{"href":"https:\/\/cristinacortinas.org\/sustentabilidad\/wp-json\/wp\/v2\/media?parent=2654"}],"curies":[{"name":"wp","href":"https:\/\/api.w.org\/{rel}","templated":true}]}}