{"id":2299,"date":"2016-02-29T09:10:29","date_gmt":"2016-02-29T15:10:29","guid":{"rendered":"http:\/\/cristinacortinas.org\/sustentabilidad\/?page_id=2299"},"modified":"2016-03-18T19:02:27","modified_gmt":"2016-03-19T01:02:27","slug":"proposito-del-sitio-web","status":"publish","type":"page","link":"https:\/\/cristinacortinas.org\/sustentabilidad\/proposito-del-sitio-web\/","title":{"rendered":"Prop\u00f3sito del sitio web"},"content":{"rendered":"<p><strong>Esta p\u00e1gina<\/strong>, al igual que la anterior: www.cristinacortinas.net, <strong>ha sido abierta con el fin de compartir datos, informaci\u00f3n, conocimientos y reflexiones en torno a temas relacionados con la salud y el ambiente, particularmente aquellos que ponen de relieve la dimensi\u00f3n que est\u00e1 alcanzando la exposici\u00f3n humana y la de los organismos de la flora y fauna acu\u00e1tica y terrestre a sustancias t\u00f3xicas y peligrosas<\/strong>, y a sus residuos, con la consecuente carga de enfermedad, muerte y desaparici\u00f3n de especies, que amenaza nuestra supervivencia y que afortunadamente son susceptibles de prevenir o reducir.<\/p>\n<p>Las reflexiones que se comparten en esta p\u00e1gina, <strong>giran en torno a la preocupaci\u00f3n que existe por las presiones que las actividades humanas est\u00e1n ejerciendo sobre la naturaleza y cuyos efectos est\u00e1n alcanzando una dimensi\u00f3n planetaria<\/strong>, que demanda de acciones colectivas informadas y coordinadas para la protecci\u00f3n de la salud humana, del ambiente y de los ecosistemas, siguiendo el modelo Presi\u00f3n - Estado - Respuesta (PER) propuesto por la autoridad ambiental Canadiense (Environment Canad\u00e1) y desarrollado por la Organizaci\u00f3n para la Cooperaci\u00f3n y el Desarrollo Econ\u00f3mico (OCDE), basado en una l\u00f3gica de causalidad y que presupone relaciones de acci\u00f3n y respuesta entre actividades econ\u00f3micas y del medio ambiente, como se indica en la figura siguiente.<\/p>\n<p><img loading=\"lazy\" decoding=\"async\" class=\"alignnone wp-image-2412\" src=\"http:\/\/cristinacortinas.org\/sustentabilidad\/wp-content\/uploads\/2016\/02\/modelo-indicadores-ambientales-300x212.jpg\" alt=\"modelo-indicadores-ambientales\" width=\"443\" height=\"313\" srcset=\"https:\/\/cristinacortinas.org\/sustentabilidad\/wp-content\/uploads\/2016\/02\/modelo-indicadores-ambientales-300x212.jpg 300w, https:\/\/cristinacortinas.org\/sustentabilidad\/wp-content\/uploads\/2016\/02\/modelo-indicadores-ambientales-283x200.jpg 283w, https:\/\/cristinacortinas.org\/sustentabilidad\/wp-content\/uploads\/2016\/02\/modelo-indicadores-ambientales.jpg 637w\" sizes=\"auto, (max-width: 443px) 100vw, 443px\" \/><\/p>\n<p>Fuentes: Environment Canada. National Environmental Indicators Series. 1997.<br \/>\nOECD. Environmental Indicators. Towards Sustainable Development. Paris. 1998.<\/p>\n<p>Este modelo se origina de planteamientos simples: <strong>\u00bfQu\u00e9 est\u00e1 afectando el ambiente?, \u00bfCu\u00e1l es el estado actual del medio ambiente?, \u00bfQu\u00e9 estamos haciendo para mitigar o resolver los problemas ambientales?;<\/strong> preguntas que se busca responder empleando una variedad de ejemplos de iniciativas y de indicadores de resultados.<\/p>\n<p>Por lo antes expuesto, la informaci\u00f3n y conocimientos que se difunden<strong> a trav\u00e9s de esta p\u00e1gina, buscan proporcionar a quienes la consulten, elementos para conocer cu\u00e1l es la situaci\u00f3n en M\u00e9xico y en el mundo en relaci\u00f3n con los temas que se cubren<\/strong>, destacando en qu\u00e9 medida se est\u00e1 afectando la salud humana, al ambiente y a la flora, fauna y especies microbianas (biota) acu\u00e1ticas y terrestres, y cu\u00e1l es la respuesta social y gubernamental para prevenir o mitigar tales riesgos.<\/p>\n<p><strong>Los art\u00edculos de an\u00e1lisis y reflexi\u00f3n y la mayor\u00eda de las conferencias y materiales para impartir cursos sobre estos temas que se ponen al alcance de los interesados, han sido elaborados por la autora de la p\u00e1gina, como una muestra de compromiso social y para hacer ver que a cualquier edad y en cualquier circunstancia,<\/strong> siempre se puede contribuir con un grano de arena a lograr el bien com\u00fan. Todos ellos est\u00e1n disponibles gratuitamente y pueden ser utilizados por las personas interesadas, con los mismos fines para los que fueron escritos y difundidos.<\/p>\n<p>Tambi\u00e9n <strong>se difunden documentos de referencia, principalmente escritos por grupos de expertos apoyados por organismos internacionales<\/strong>, que se consideran de utilidad para los fines que se persiguen de alentar la movilizaci\u00f3n ciudadana en aras de la protecci\u00f3n de la salud de nuestra poblaci\u00f3n y la biodiversidad con la que cuenta el pa\u00eds, entre otros, a trav\u00e9s de prevenir o reducir la contaminaci\u00f3n al ambiente.<\/p>\n<p><strong>La autora de la p\u00e1gina coincide con los analistas sociales Alvin y Heidi Toffler, autores del libro \u201cLa revoluci\u00f3n de la riqueza\u201d<\/strong> (cuyo t\u00edtulo original es: Revolutionary Wealth), publicado por primera vez en 2006 por editorial Knopf, en que <em>el conocimiento es la nueva clave del desarrollo personal y social y dicha clave implica un nuevo concepto del espacio y del tiempo<\/em>; por lo que compartir conocimientos es una forma de compartir riqueza accesible a todo individuo interesado en ampliar sus horizontes.<\/p>\n<h2>Forma en que se integr\u00f3 el contenido de la p\u00e1gina<\/h2>\n<p><strong>Los rubros que se cubren comprenden los ANTECEDENTES de la p\u00e1gina que contienen textos que describen su Prop\u00f3sito y el perfil profesional de su autora; una secci\u00f3n sobre M\u00c9XICO en la que se ir\u00e1 aportando informaci\u00f3n sobre entidades federativas y municipios<\/strong> en las que la autora ha estado trabajando y que destacan aspectos relevantes que suceden en ellos; una secci\u00f3n sobre CONVENIOS INTERNACIONALES<strong> en la que se difundir\u00e1n aquellos relacionados con los temas que cubre la p\u00e1gina y que se han convertido en Ley Nacional y deben ser conocidos y cumplidos por el gobierno y la sociedad<\/strong>; una secci\u00f3n sobre PROTECCI\u00d3N AMBIENTAL <strong>que cubrir\u00e1 aspectos generales relacionados con los ejes centrales de la p\u00e1gina<\/strong>, que son las secciones sobre SUSTANCIAS QU\u00cdMICAS y RESIDUOS.<\/p>\n<p>Cada secci\u00f3n comprende distintos archivos entre los que destacan <strong>los relativos a AN\u00c1LISIS, destinados a difundir art\u00edculos elaborados por la autora de la p\u00e1gina<\/strong>; CONFERENCIAS<strong>, por lo general impartidas por ella pero tambi\u00e9n en algunos casos por otros autores<\/strong>; CURSOS, <strong>en los que se incluyen grupos de conferencias interrelacionadas con fines did\u00e1cticos<\/strong>; REFERENCIAS, <strong>que comprenden publicaciones que ponen en contexto los an\u00e1lisis que la autora realiza<\/strong>; NORMATIVIDAD, <strong>que pone al alcance aquella nacional e internacional relacionada con los temas que se cubren<\/strong>. En el caso de los CONVENIOS INTERNACIONALES, se distinguen, en particular:<strong> los COMPROMISOS, que aparecen descritos en los textos de dichos convenios y en otros documentos de inter\u00e9s, y GU\u00cdAS, que han sido formuladas para facilitar su cumplimiento<\/strong>.<\/p>\n<p>Marzo 2016<\/p>\n<p>&nbsp;<\/p>\n","protected":false},"excerpt":{"rendered":"<p>Esta p\u00e1gina, al igual que la anterior: www.cristinacortinas.net, ha sido abierta con el fin de compartir datos, informaci\u00f3n, conocimientos y reflexiones en torno a temas relacionados con la salud y el ambiente, particularmente aquellos que ponen de relieve la dimensi\u00f3n que est\u00e1 alcanzando la exposici\u00f3n humana y la de los organismos de la flora y fauna acu\u00e1tica y terrestre a&nbsp;<a href=\"https:\/\/cristinacortinas.org\/sustentabilidad\/proposito-del-sitio-web\/\" class=\"read-more\">Seguir leyendo<\/a><\/p>\n","protected":false},"author":1,"featured_media":0,"parent":0,"menu_order":0,"comment_status":"closed","ping_status":"closed","template":"","meta":{"footnotes":""},"class_list":["post-2299","page","type-page","status-publish","hentry"],"yoast_head":"<!-- This site is optimized with the Yoast SEO plugin v27.4 - https:\/\/yoast.com\/product\/yoast-seo-wordpress\/ -->\n<title>Prop\u00f3sito del sitio web - Dra. Ma. Cristina Cortinas Dur\u00e1n<\/title>\n<meta name=\"robots\" content=\"index, follow, max-snippet:-1, max-image-preview:large, max-video-preview:-1\" \/>\n<link rel=\"canonical\" href=\"https:\/\/cristinacortinas.org\/sustentabilidad\/proposito-del-sitio-web\/\" \/>\n<meta property=\"og:locale\" content=\"es_ES\" \/>\n<meta property=\"og:type\" content=\"article\" \/>\n<meta property=\"og:title\" content=\"Prop\u00f3sito del sitio web - Dra. Ma. Cristina Cortinas Dur\u00e1n\" \/>\n<meta property=\"og:description\" content=\"Esta p\u00e1gina, al igual que la anterior: www.cristinacortinas.net, ha sido abierta con el fin de compartir datos, informaci\u00f3n, conocimientos y reflexiones en torno a temas relacionados con la salud y el ambiente, particularmente aquellos que ponen de relieve la dimensi\u00f3n que est\u00e1 alcanzando la exposici\u00f3n humana y la de los organismos de la flora y fauna acu\u00e1tica y terrestre a&nbsp;Seguir leyendo\" \/>\n<meta property=\"og:url\" content=\"https:\/\/cristinacortinas.org\/sustentabilidad\/proposito-del-sitio-web\/\" \/>\n<meta property=\"og:site_name\" content=\"Dra. Ma. Cristina Cortinas Dur\u00e1n\" \/>\n<meta property=\"article:publisher\" content=\"https:\/\/www.facebook.com\/cristinacortinasduran\/\" \/>\n<meta property=\"article:modified_time\" content=\"2016-03-19T01:02:27+00:00\" \/>\n<meta property=\"og:image\" content=\"http:\/\/cristinacortinas.org\/sustentabilidad\/wp-content\/uploads\/2016\/02\/modelo-indicadores-ambientales-300x212.jpg\" \/>\n<meta name=\"twitter:card\" content=\"summary_large_image\" \/>\n<meta name=\"twitter:site\" content=\"@DraCrisCortinas\" \/>\n<meta name=\"twitter:label1\" content=\"Tiempo de lectura\" \/>\n\t<meta name=\"twitter:data1\" content=\"5 minutos\" \/>\n<script type=\"application\/ld+json\" class=\"yoast-schema-graph\">{\"@context\":\"https:\\\/\\\/schema.org\",\"@graph\":[{\"@type\":\"WebPage\",\"@id\":\"https:\\\/\\\/cristinacortinas.org\\\/sustentabilidad\\\/proposito-del-sitio-web\\\/\",\"url\":\"https:\\\/\\\/cristinacortinas.org\\\/sustentabilidad\\\/proposito-del-sitio-web\\\/\",\"name\":\"Prop\u00f3sito del sitio web - Dra. Ma. Cristina Cortinas Dur\u00e1n\",\"isPartOf\":{\"@id\":\"https:\\\/\\\/cristinacortinas.org\\\/sustentabilidad\\\/#website\"},\"primaryImageOfPage\":{\"@id\":\"https:\\\/\\\/cristinacortinas.org\\\/sustentabilidad\\\/proposito-del-sitio-web\\\/#primaryimage\"},\"image\":{\"@id\":\"https:\\\/\\\/cristinacortinas.org\\\/sustentabilidad\\\/proposito-del-sitio-web\\\/#primaryimage\"},\"thumbnailUrl\":\"http:\\\/\\\/cristinacortinas.org\\\/sustentabilidad\\\/wp-content\\\/uploads\\\/2016\\\/02\\\/modelo-indicadores-ambientales-300x212.jpg\",\"datePublished\":\"2016-02-29T15:10:29+00:00\",\"dateModified\":\"2016-03-19T01:02:27+00:00\",\"breadcrumb\":{\"@id\":\"https:\\\/\\\/cristinacortinas.org\\\/sustentabilidad\\\/proposito-del-sitio-web\\\/#breadcrumb\"},\"inLanguage\":\"es\",\"potentialAction\":[{\"@type\":\"ReadAction\",\"target\":[\"https:\\\/\\\/cristinacortinas.org\\\/sustentabilidad\\\/proposito-del-sitio-web\\\/\"]}]},{\"@type\":\"ImageObject\",\"inLanguage\":\"es\",\"@id\":\"https:\\\/\\\/cristinacortinas.org\\\/sustentabilidad\\\/proposito-del-sitio-web\\\/#primaryimage\",\"url\":\"https:\\\/\\\/cristinacortinas.org\\\/sustentabilidad\\\/wp-content\\\/uploads\\\/2016\\\/02\\\/modelo-indicadores-ambientales.jpg\",\"contentUrl\":\"https:\\\/\\\/cristinacortinas.org\\\/sustentabilidad\\\/wp-content\\\/uploads\\\/2016\\\/02\\\/modelo-indicadores-ambientales.jpg\",\"width\":637,\"height\":450},{\"@type\":\"BreadcrumbList\",\"@id\":\"https:\\\/\\\/cristinacortinas.org\\\/sustentabilidad\\\/proposito-del-sitio-web\\\/#breadcrumb\",\"itemListElement\":[{\"@type\":\"ListItem\",\"position\":1,\"name\":\"Portada\",\"item\":\"https:\\\/\\\/cristinacortinas.org\\\/sustentabilidad\\\/\"},{\"@type\":\"ListItem\",\"position\":2,\"name\":\"Prop\u00f3sito del sitio web\"}]},{\"@type\":\"WebSite\",\"@id\":\"https:\\\/\\\/cristinacortinas.org\\\/sustentabilidad\\\/#website\",\"url\":\"https:\\\/\\\/cristinacortinas.org\\\/sustentabilidad\\\/\",\"name\":\"Dra. Ma. Cristina Cortinas Dur\u00e1n\",\"description\":\"\",\"potentialAction\":[{\"@type\":\"SearchAction\",\"target\":{\"@type\":\"EntryPoint\",\"urlTemplate\":\"https:\\\/\\\/cristinacortinas.org\\\/sustentabilidad\\\/?s={search_term_string}\"},\"query-input\":{\"@type\":\"PropertyValueSpecification\",\"valueRequired\":true,\"valueName\":\"search_term_string\"}}],\"inLanguage\":\"es\"}]}<\/script>\n<!-- \/ Yoast SEO plugin. -->","yoast_head_json":{"title":"Prop\u00f3sito del sitio web - Dra. Ma. Cristina Cortinas Dur\u00e1n","robots":{"index":"index","follow":"follow","max-snippet":"max-snippet:-1","max-image-preview":"max-image-preview:large","max-video-preview":"max-video-preview:-1"},"canonical":"https:\/\/cristinacortinas.org\/sustentabilidad\/proposito-del-sitio-web\/","og_locale":"es_ES","og_type":"article","og_title":"Prop\u00f3sito del sitio web - Dra. Ma. Cristina Cortinas Dur\u00e1n","og_description":"Esta p\u00e1gina, al igual que la anterior: www.cristinacortinas.net, ha sido abierta con el fin de compartir datos, informaci\u00f3n, conocimientos y reflexiones en torno a temas relacionados con la salud y el ambiente, particularmente aquellos que ponen de relieve la dimensi\u00f3n que est\u00e1 alcanzando la exposici\u00f3n humana y la de los organismos de la flora y fauna acu\u00e1tica y terrestre a&nbsp;Seguir leyendo","og_url":"https:\/\/cristinacortinas.org\/sustentabilidad\/proposito-del-sitio-web\/","og_site_name":"Dra. Ma. Cristina Cortinas Dur\u00e1n","article_publisher":"https:\/\/www.facebook.com\/cristinacortinasduran\/","article_modified_time":"2016-03-19T01:02:27+00:00","og_image":[{"url":"http:\/\/cristinacortinas.org\/sustentabilidad\/wp-content\/uploads\/2016\/02\/modelo-indicadores-ambientales-300x212.jpg","type":"","width":"","height":""}],"twitter_card":"summary_large_image","twitter_site":"@DraCrisCortinas","twitter_misc":{"Tiempo de lectura":"5 minutos"},"schema":{"@context":"https:\/\/schema.org","@graph":[{"@type":"WebPage","@id":"https:\/\/cristinacortinas.org\/sustentabilidad\/proposito-del-sitio-web\/","url":"https:\/\/cristinacortinas.org\/sustentabilidad\/proposito-del-sitio-web\/","name":"Prop\u00f3sito del sitio web - Dra. Ma. Cristina Cortinas Dur\u00e1n","isPartOf":{"@id":"https:\/\/cristinacortinas.org\/sustentabilidad\/#website"},"primaryImageOfPage":{"@id":"https:\/\/cristinacortinas.org\/sustentabilidad\/proposito-del-sitio-web\/#primaryimage"},"image":{"@id":"https:\/\/cristinacortinas.org\/sustentabilidad\/proposito-del-sitio-web\/#primaryimage"},"thumbnailUrl":"http:\/\/cristinacortinas.org\/sustentabilidad\/wp-content\/uploads\/2016\/02\/modelo-indicadores-ambientales-300x212.jpg","datePublished":"2016-02-29T15:10:29+00:00","dateModified":"2016-03-19T01:02:27+00:00","breadcrumb":{"@id":"https:\/\/cristinacortinas.org\/sustentabilidad\/proposito-del-sitio-web\/#breadcrumb"},"inLanguage":"es","potentialAction":[{"@type":"ReadAction","target":["https:\/\/cristinacortinas.org\/sustentabilidad\/proposito-del-sitio-web\/"]}]},{"@type":"ImageObject","inLanguage":"es","@id":"https:\/\/cristinacortinas.org\/sustentabilidad\/proposito-del-sitio-web\/#primaryimage","url":"https:\/\/cristinacortinas.org\/sustentabilidad\/wp-content\/uploads\/2016\/02\/modelo-indicadores-ambientales.jpg","contentUrl":"https:\/\/cristinacortinas.org\/sustentabilidad\/wp-content\/uploads\/2016\/02\/modelo-indicadores-ambientales.jpg","width":637,"height":450},{"@type":"BreadcrumbList","@id":"https:\/\/cristinacortinas.org\/sustentabilidad\/proposito-del-sitio-web\/#breadcrumb","itemListElement":[{"@type":"ListItem","position":1,"name":"Portada","item":"https:\/\/cristinacortinas.org\/sustentabilidad\/"},{"@type":"ListItem","position":2,"name":"Prop\u00f3sito del sitio web"}]},{"@type":"WebSite","@id":"https:\/\/cristinacortinas.org\/sustentabilidad\/#website","url":"https:\/\/cristinacortinas.org\/sustentabilidad\/","name":"Dra. Ma. Cristina Cortinas Dur\u00e1n","description":"","potentialAction":[{"@type":"SearchAction","target":{"@type":"EntryPoint","urlTemplate":"https:\/\/cristinacortinas.org\/sustentabilidad\/?s={search_term_string}"},"query-input":{"@type":"PropertyValueSpecification","valueRequired":true,"valueName":"search_term_string"}}],"inLanguage":"es"}]}},"_links":{"self":[{"href":"https:\/\/cristinacortinas.org\/sustentabilidad\/wp-json\/wp\/v2\/pages\/2299","targetHints":{"allow":["GET"]}}],"collection":[{"href":"https:\/\/cristinacortinas.org\/sustentabilidad\/wp-json\/wp\/v2\/pages"}],"about":[{"href":"https:\/\/cristinacortinas.org\/sustentabilidad\/wp-json\/wp\/v2\/types\/page"}],"author":[{"embeddable":true,"href":"https:\/\/cristinacortinas.org\/sustentabilidad\/wp-json\/wp\/v2\/users\/1"}],"replies":[{"embeddable":true,"href":"https:\/\/cristinacortinas.org\/sustentabilidad\/wp-json\/wp\/v2\/comments?post=2299"}],"version-history":[{"count":4,"href":"https:\/\/cristinacortinas.org\/sustentabilidad\/wp-json\/wp\/v2\/pages\/2299\/revisions"}],"predecessor-version":[{"id":2572,"href":"https:\/\/cristinacortinas.org\/sustentabilidad\/wp-json\/wp\/v2\/pages\/2299\/revisions\/2572"}],"wp:attachment":[{"href":"https:\/\/cristinacortinas.org\/sustentabilidad\/wp-json\/wp\/v2\/media?parent=2299"}],"curies":[{"name":"wp","href":"https:\/\/api.w.org\/{rel}","templated":true}]}}