{"id":2273,"date":"2016-02-25T01:08:24","date_gmt":"2016-02-25T07:08:24","guid":{"rendered":"http:\/\/cristinacortinas.org\/sustentabilidad\/?page_id=2273"},"modified":"2020-03-28T16:25:57","modified_gmt":"2020-03-28T22:25:57","slug":"libros","status":"publish","type":"page","link":"https:\/\/cristinacortinas.org\/sustentabilidad\/libros\/","title":{"rendered":"Libros para descargar"},"content":{"rendered":"<div id=\"mbdb_book_grid_0\" class=\"mbm-book-grid-div\" style=\"padding-left:0px;\"><span itemscope itemtype=\"http:\/\/schema.org\/Book\"  class=\"mbdb_float_grid\" style=\"height: 250px; width: 200px;\"><div class=\"mbdb_grid_image\"><a id=\"book_8850\" itemprop=\"mainEntityOfPage\" class=\"mbm-book-grid-title-link\" href=\"https:\/\/cristinacortinas.org\/sustentabilidad\/book\/manuales-para-regular-los-residuos-con-sentido-comun\/\"><img decoding=\"async\" itemprop=\"image\" style=\"height: 200px;\" src=\"https:\/\/cristinacortinas.org\/sustentabilidad\/wp-content\/uploads\/2023\/09\/Contaminacion-por-Residuos-Prevencion-y-Remediacion-300x217.jpg\"  alt=\"Book Cover: (MANUAL 2) Contaminaci\u00f3n por Residuos: Prevenci\u00f3n y Remediaci\u00f3n\"  data-book=\"8850\" \/><\/a><\/div><span class=\"mbdb_grid_title\" itemprop=\"name\"><a itemprop=\"mainEntityOfPage\" class=\"mbm-book-grid-title-link\" href=\"https:\/\/cristinacortinas.org\/sustentabilidad\/book\/manuales-para-regular-los-residuos-con-sentido-comun\/\">(MANUAL 2) Contaminaci\u00f3n por Residuos: Prevenci\u00f3n y Remediaci\u00f3n<\/a><\/span><\/span><span itemscope itemtype=\"http:\/\/schema.org\/Book\"  class=\"mbdb_float_grid\" style=\"height: 250px; width: 200px;\"><div class=\"mbdb_grid_image\"><a id=\"book_2293\" itemprop=\"mainEntityOfPage\" class=\"mbm-book-grid-title-link\" href=\"https:\/\/cristinacortinas.org\/sustentabilidad\/book\/bases-para-legislar-la-prevencion-y-gestion-integral-de-residuos\/\"><img decoding=\"async\" itemprop=\"image\" style=\"height: 200px;\" src=\"https:\/\/cristinacortinas.org\/sustentabilidad\/wp-content\/uploads\/2016\/02\/bases_legislar_gir.jpg\"  alt=\"Book Cover: Bases para Legislar la Prevenci\u00f3n y Gesti\u00f3n Integral de Residuos\"  data-book=\"2293\" \/><\/a><\/div><span class=\"mbdb_grid_title\" itemprop=\"name\"><a itemprop=\"mainEntityOfPage\" class=\"mbm-book-grid-title-link\" href=\"https:\/\/cristinacortinas.org\/sustentabilidad\/book\/bases-para-legislar-la-prevencion-y-gestion-integral-de-residuos\/\">Bases para Legislar la Prevenci\u00f3n y Gesti\u00f3n Integral de Residuos<\/a><\/span><\/span><span itemscope itemtype=\"http:\/\/schema.org\/Book\"  class=\"mbdb_float_grid\" style=\"height: 250px; width: 200px;\"><div class=\"mbdb_grid_image\"><a id=\"book_7716\" itemprop=\"mainEntityOfPage\" class=\"mbm-book-grid-title-link\" href=\"https:\/\/cristinacortinas.org\/sustentabilidad\/book\/cambiar-el-rumbo-desarrollo-tras-la-pandemia\/\"><img decoding=\"async\" itemprop=\"image\" style=\"height: 200px;\" src=\"https:\/\/cristinacortinas.org\/sustentabilidad\/wp-content\/uploads\/2020\/05\/Cambiar-el-rumbo-Desarrollo-tras-la-pandemia-219x300.jpg\"  alt=\"Book Cover: Cambiar el rumbo: Desarrollo tras la pandemia\"  data-book=\"7716\" \/><\/a><\/div><span class=\"mbdb_grid_title\" itemprop=\"name\"><a itemprop=\"mainEntityOfPage\" class=\"mbm-book-grid-title-link\" href=\"https:\/\/cristinacortinas.org\/sustentabilidad\/book\/cambiar-el-rumbo-desarrollo-tras-la-pandemia\/\">Cambiar el rumbo: Desarrollo tras la pandemia<\/a><\/span><\/span><span itemscope itemtype=\"http:\/\/schema.org\/Book\"  class=\"mbdb_float_grid\" style=\"height: 250px; width: 200px;\"><div class=\"mbdb_grid_image\"><a id=\"book_2297\" itemprop=\"mainEntityOfPage\" class=\"mbm-book-grid-title-link\" href=\"https:\/\/cristinacortinas.org\/sustentabilidad\/book\/cancer-herencia-y-ambiente\/\"><img decoding=\"async\" itemprop=\"image\" style=\"height: 200px;\" src=\"https:\/\/cristinacortinas.org\/sustentabilidad\/wp-content\/uploads\/2020\/03\/FM4240-193x300.jpg\"  alt=\"Book Cover: C\u00e1ncer: Herencia y Ambiente\"  data-book=\"2297\" \/><\/a><\/div><span class=\"mbdb_grid_title\" itemprop=\"name\"><a itemprop=\"mainEntityOfPage\" class=\"mbm-book-grid-title-link\" href=\"https:\/\/cristinacortinas.org\/sustentabilidad\/book\/cancer-herencia-y-ambiente\/\">C\u00e1ncer: Herencia y Ambiente<\/a><\/span><\/span><span itemscope itemtype=\"http:\/\/schema.org\/Book\"  class=\"mbdb_float_grid\" style=\"height: 250px; width: 200px;\"><div class=\"mbdb_grid_image\"><a id=\"book_2234\" itemprop=\"mainEntityOfPage\" class=\"mbm-book-grid-title-link\" href=\"https:\/\/cristinacortinas.org\/sustentabilidad\/book\/comunicacion-de-riesgos\/\"><img decoding=\"async\" itemprop=\"image\" style=\"height: 200px;\" src=\"https:\/\/cristinacortinas.org\/sustentabilidad\/wp-content\/uploads\/2016\/02\/comunicacion_riesgos.jpg\"  alt=\"Book Cover: Comunicaci\u00f3n de Riesgos\"  data-book=\"2234\" \/><\/a><\/div><span class=\"mbdb_grid_title\" itemprop=\"name\"><a itemprop=\"mainEntityOfPage\" class=\"mbm-book-grid-title-link\" href=\"https:\/\/cristinacortinas.org\/sustentabilidad\/book\/comunicacion-de-riesgos\/\">Comunicaci\u00f3n de Riesgos<\/a><\/span><\/span><span itemscope itemtype=\"http:\/\/schema.org\/Book\"  class=\"mbdb_float_grid\" style=\"height: 250px; width: 200px;\"><div class=\"mbdb_grid_image\"><a id=\"book_7025\" itemprop=\"mainEntityOfPage\" class=\"mbm-book-grid-title-link\" href=\"https:\/\/cristinacortinas.org\/sustentabilidad\/book\/estrategias-europeas-de-contratacion-publica-para-la-economia-circular\/\"><img decoding=\"async\" itemprop=\"image\" style=\"height: 200px;\" src=\"\"  alt=\"Book Cover: Estrategias Europeas de Contrataci\u00f3n P\u00fablica para la Econom\u00eda Circular\"  data-book=\"7025\" \/><\/a><\/div><span class=\"mbdb_grid_title\" itemprop=\"name\"><a itemprop=\"mainEntityOfPage\" class=\"mbm-book-grid-title-link\" href=\"https:\/\/cristinacortinas.org\/sustentabilidad\/book\/estrategias-europeas-de-contratacion-publica-para-la-economia-circular\/\">Estrategias Europeas de Contrataci\u00f3n P\u00fablica para la Econom\u00eda Circular<\/a><\/span><\/span><span itemscope itemtype=\"http:\/\/schema.org\/Book\"  class=\"mbdb_float_grid\" style=\"height: 250px; width: 200px;\"><div class=\"mbdb_grid_image\"><a id=\"book_2291\" itemprop=\"mainEntityOfPage\" class=\"mbm-book-grid-title-link\" href=\"https:\/\/cristinacortinas.org\/sustentabilidad\/book\/hacia-un-mexico-sin-basura\/\"><img decoding=\"async\" itemprop=\"image\" style=\"height: 200px;\" src=\"https:\/\/cristinacortinas.org\/sustentabilidad\/wp-content\/uploads\/2016\/02\/sinbasura.jpg\"  alt=\"Book Cover: Hacia un M\u00e9xico sin basura\"  data-book=\"2291\" \/><\/a><\/div><span class=\"mbdb_grid_title\" itemprop=\"name\"><a itemprop=\"mainEntityOfPage\" class=\"mbm-book-grid-title-link\" href=\"https:\/\/cristinacortinas.org\/sustentabilidad\/book\/hacia-un-mexico-sin-basura\/\">Hacia un M\u00e9xico sin basura<\/a><\/span><\/span><span itemscope itemtype=\"http:\/\/schema.org\/Book\"  class=\"mbdb_float_grid\" style=\"height: 250px; width: 200px;\"><div class=\"mbdb_grid_image\"><a id=\"book_2292\" itemprop=\"mainEntityOfPage\" class=\"mbm-book-grid-title-link\" href=\"https:\/\/cristinacortinas.org\/sustentabilidad\/book\/los-contaminantes-organicos-persistentes-una-vision-regional\/\"><img decoding=\"async\" itemprop=\"image\" style=\"height: 200px;\" src=\"https:\/\/cristinacortinas.org\/sustentabilidad\/wp-content\/uploads\/2016\/02\/cops.jpg\"  alt=\"Book Cover: Los contaminantes org\u00e1nicos persistentes: Una visi\u00f3n regional\"  data-book=\"2292\" \/><\/a><\/div><span class=\"mbdb_grid_title\" itemprop=\"name\"><a itemprop=\"mainEntityOfPage\" class=\"mbm-book-grid-title-link\" href=\"https:\/\/cristinacortinas.org\/sustentabilidad\/book\/los-contaminantes-organicos-persistentes-una-vision-regional\/\">Los contaminantes org\u00e1nicos persistentes: Una visi\u00f3n regional<\/a><\/span><\/span><span itemscope itemtype=\"http:\/\/schema.org\/Book\"  class=\"mbdb_float_grid\" style=\"height: 250px; width: 200px;\"><div class=\"mbdb_grid_image\"><a id=\"book_2289\" itemprop=\"mainEntityOfPage\" class=\"mbm-book-grid-title-link\" href=\"https:\/\/cristinacortinas.org\/sustentabilidad\/book\/manual-1-introduccion-y-elementos-de-tecnica-regulatoria\/\"><img decoding=\"async\" itemprop=\"image\" style=\"height: 200px;\" src=\"https:\/\/cristinacortinas.org\/sustentabilidad\/wp-content\/uploads\/2016\/02\/manual1.jpg\"  alt=\"Book Cover: Manual 1  Introducci\u00f3n y elementos  de t\u00e9cnica regulatoria\"  data-book=\"2289\" \/><\/a><\/div><span class=\"mbdb_grid_title\" itemprop=\"name\"><a itemprop=\"mainEntityOfPage\" class=\"mbm-book-grid-title-link\" href=\"https:\/\/cristinacortinas.org\/sustentabilidad\/book\/manual-1-introduccion-y-elementos-de-tecnica-regulatoria\/\">Manual 1  Introducci\u00f3n y elementos  de t\u00e9cnica regulatoria<\/a><\/span><\/span><span itemscope itemtype=\"http:\/\/schema.org\/Book\"  class=\"mbdb_float_grid\" style=\"height: 250px; width: 200px;\"><div class=\"mbdb_grid_image\"><a id=\"book_2288\" itemprop=\"mainEntityOfPage\" class=\"mbm-book-grid-title-link\" href=\"https:\/\/cristinacortinas.org\/sustentabilidad\/book\/manual-2-contaminacion-por-residuos-prevencion-y-remediacion\/\"><img decoding=\"async\" itemprop=\"image\" style=\"height: 200px;\" src=\"https:\/\/cristinacortinas.org\/sustentabilidad\/wp-content\/uploads\/2016\/02\/manual2.jpg\"  alt=\"Book Cover: Manual 2  Contaminaci\u00f3n por Residuos: Prevenci\u00f3n  y Remediaci\u00f3n\"  data-book=\"2288\" \/><\/a><\/div><span class=\"mbdb_grid_title\" itemprop=\"name\"><a itemprop=\"mainEntityOfPage\" class=\"mbm-book-grid-title-link\" href=\"https:\/\/cristinacortinas.org\/sustentabilidad\/book\/manual-2-contaminacion-por-residuos-prevencion-y-remediacion\/\">Manual 2  Contaminaci\u00f3n por Residuos: Prevenci\u00f3n  y Remediaci\u00f3n<\/a><\/span><\/span><span itemscope itemtype=\"http:\/\/schema.org\/Book\"  class=\"mbdb_float_grid\" style=\"height: 250px; width: 200px;\"><div class=\"mbdb_grid_image\"><a id=\"book_2286\" itemprop=\"mainEntityOfPage\" class=\"mbm-book-grid-title-link\" href=\"https:\/\/cristinacortinas.org\/sustentabilidad\/book\/manual-3-valorizacion-de-residuos-participacion-social-e-innovacion-en-su-gestion\/\"><img decoding=\"async\" itemprop=\"image\" style=\"height: 200px;\" src=\"https:\/\/cristinacortinas.org\/sustentabilidad\/wp-content\/uploads\/2016\/02\/manual3.jpg\"  alt=\"Book Cover: Manual 3  Valorizaci\u00f3n de residuos, participaci\u00f3n social e innovaci\u00f3n en su gesti\u00f3n\"  data-book=\"2286\" \/><\/a><\/div><span class=\"mbdb_grid_title\" itemprop=\"name\"><a itemprop=\"mainEntityOfPage\" class=\"mbm-book-grid-title-link\" href=\"https:\/\/cristinacortinas.org\/sustentabilidad\/book\/manual-3-valorizacion-de-residuos-participacion-social-e-innovacion-en-su-gestion\/\">Manual 3  Valorizaci\u00f3n de residuos, participaci\u00f3n social e innovaci\u00f3n en su gesti\u00f3n<\/a><\/span><\/span><span itemscope itemtype=\"http:\/\/schema.org\/Book\"  class=\"mbdb_float_grid\" style=\"height: 250px; width: 200px;\"><div class=\"mbdb_grid_image\"><a id=\"book_2287\" itemprop=\"mainEntityOfPage\" class=\"mbm-book-grid-title-link\" href=\"https:\/\/cristinacortinas.org\/sustentabilidad\/book\/manual-4-guias-para-facilitar-la-interpretacion-de-la-ley-general-para-la-prevencion-y-gestion-integral-de-los-residuos\/\"><img decoding=\"async\" itemprop=\"image\" style=\"height: 200px;\" src=\"https:\/\/cristinacortinas.org\/sustentabilidad\/wp-content\/uploads\/2016\/02\/manual4.jpg\"  alt=\"Book Cover: Manual 4  Gu\u00edas para facilitar la interpretaci\u00f3n de la Ley General para la Prevenci\u00f3n y Gesti\u00f3n Integral de los Residuos\"  data-book=\"2287\" \/><\/a><\/div><span class=\"mbdb_grid_title\" itemprop=\"name\"><a itemprop=\"mainEntityOfPage\" class=\"mbm-book-grid-title-link\" href=\"https:\/\/cristinacortinas.org\/sustentabilidad\/book\/manual-4-guias-para-facilitar-la-interpretacion-de-la-ley-general-para-la-prevencion-y-gestion-integral-de-los-residuos\/\">Manual 4  Gu\u00edas para facilitar la interpretaci\u00f3n de la Ley General para la Prevenci\u00f3n y Gesti\u00f3n Integral de los Residuos<\/a><\/span><\/span><span itemscope itemtype=\"http:\/\/schema.org\/Book\"  class=\"mbdb_float_grid\" style=\"height: 250px; width: 200px;\"><div class=\"mbdb_grid_image\"><a id=\"book_2295\" itemprop=\"mainEntityOfPage\" class=\"mbm-book-grid-title-link\" href=\"https:\/\/cristinacortinas.org\/sustentabilidad\/book\/manual-de-ejercicios-hacia-un-mexico-sin-basura\/\"><img decoding=\"async\" itemprop=\"image\" style=\"height: 200px;\" src=\"https:\/\/cristinacortinas.org\/sustentabilidad\/wp-content\/uploads\/2016\/02\/maneje_sinbasura.jpg\"  alt=\"Book Cover: Manual de Ejercicios: Hacia un M\u00e9xico sin basura\"  data-book=\"2295\" \/><\/a><\/div><span class=\"mbdb_grid_title\" itemprop=\"name\"><a itemprop=\"mainEntityOfPage\" class=\"mbm-book-grid-title-link\" href=\"https:\/\/cristinacortinas.org\/sustentabilidad\/book\/manual-de-ejercicios-hacia-un-mexico-sin-basura\/\">Manual de Ejercicios: Hacia un M\u00e9xico sin basura<\/a><\/span><\/span><span itemscope itemtype=\"http:\/\/schema.org\/Book\"  class=\"mbdb_float_grid\" style=\"height: 250px; width: 200px;\"><div class=\"mbdb_grid_image\"><a id=\"book_2942\" itemprop=\"mainEntityOfPage\" class=\"mbm-book-grid-title-link\" href=\"https:\/\/cristinacortinas.org\/sustentabilidad\/book\/promocion-de-la-prevencion-de-la-prevencion-de-accidentes-quimicos\/\"><img decoding=\"async\" itemprop=\"image\" style=\"height: 200px;\" src=\"https:\/\/cristinacortinas.org\/sustentabilidad\/wp-content\/uploads\/2016\/04\/promocion-de-la-prevencion-de-accidentes-quiicos-223x300.jpg\"  alt=\"Book Cover: Promoci\u00f3n de la prevenci\u00f3n de accidentes qu\u00edmicos\"  data-book=\"2942\" \/><\/a><\/div><span class=\"mbdb_grid_title\" itemprop=\"name\"><a itemprop=\"mainEntityOfPage\" class=\"mbm-book-grid-title-link\" href=\"https:\/\/cristinacortinas.org\/sustentabilidad\/book\/promocion-de-la-prevencion-de-la-prevencion-de-accidentes-quimicos\/\">Promoci\u00f3n de la prevenci\u00f3n de accidentes qu\u00edmicos<\/a><\/span><\/span><span itemscope itemtype=\"http:\/\/schema.org\/Book\"  class=\"mbdb_float_grid\" style=\"height: 250px; width: 200px;\"><div class=\"mbdb_grid_image\"><a id=\"book_2290\" itemprop=\"mainEntityOfPage\" class=\"mbm-book-grid-title-link\" href=\"https:\/\/cristinacortinas.org\/sustentabilidad\/book\/regulacion-de-los-residuos-peligrosos-en-mexico\/\"><img decoding=\"async\" itemprop=\"image\" style=\"height: 200px;\" src=\"https:\/\/cristinacortinas.org\/sustentabilidad\/wp-content\/uploads\/2016\/02\/reg_rp_mexico.jpg\"  alt=\"Book Cover: Regulaci\u00f3n de los residuos peligrosos en M\u00e9xico\"  data-book=\"2290\" \/><\/a><\/div><span class=\"mbdb_grid_title\" itemprop=\"name\"><a itemprop=\"mainEntityOfPage\" class=\"mbm-book-grid-title-link\" href=\"https:\/\/cristinacortinas.org\/sustentabilidad\/book\/regulacion-de-los-residuos-peligrosos-en-mexico\/\">Regulaci\u00f3n de los residuos peligrosos en M\u00e9xico<\/a><\/span><\/span><span itemscope itemtype=\"http:\/\/schema.org\/Book\"  class=\"mbdb_float_grid\" style=\"height: 250px; width: 200px;\"><div class=\"mbdb_grid_image\"><a id=\"book_2641\" itemprop=\"mainEntityOfPage\" class=\"mbm-book-grid-title-link\" href=\"https:\/\/cristinacortinas.org\/sustentabilidad\/book\/regulacion-y-gestion-de-quimicos-en-mexico-antes-del-ingreso-a-la-ocde\/\"><img decoding=\"async\" itemprop=\"image\" style=\"height: 200px;\" src=\"https:\/\/cristinacortinas.org\/sustentabilidad\/wp-content\/uploads\/2016\/03\/regulacion-gestion-quimicos-237x300.jpg\"  alt=\"Book Cover: Regulaci\u00f3n y Gesti\u00f3n de Qu\u00edmicos en M\u00e9xico antes del  Ingreso a la OCDE\"  data-book=\"2641\" \/><\/a><\/div><span class=\"mbdb_grid_title\" itemprop=\"name\"><a itemprop=\"mainEntityOfPage\" class=\"mbm-book-grid-title-link\" href=\"https:\/\/cristinacortinas.org\/sustentabilidad\/book\/regulacion-y-gestion-de-quimicos-en-mexico-antes-del-ingreso-a-la-ocde\/\">Regulaci\u00f3n y Gesti\u00f3n de Qu\u00edmicos en M\u00e9xico antes del  Ingreso a la OCDE<\/a><\/span><\/span><\/div>\n","protected":false},"excerpt":{"rendered":"","protected":false},"author":1,"featured_media":0,"parent":0,"menu_order":0,"comment_status":"closed","ping_status":"closed","template":"page-fullwidth.php","meta":{"footnotes":""},"class_list":["post-2273","page","type-page","status-publish","hentry"],"_links":{"self":[{"href":"https:\/\/cristinacortinas.org\/sustentabilidad\/wp-json\/wp\/v2\/pages\/2273","targetHints":{"allow":["GET"]}}],"collection":[{"href":"https:\/\/cristinacortinas.org\/sustentabilidad\/wp-json\/wp\/v2\/pages"}],"about":[{"href":"https:\/\/cristinacortinas.org\/sustentabilidad\/wp-json\/wp\/v2\/types\/page"}],"author":[{"embeddable":true,"href":"https:\/\/cristinacortinas.org\/sustentabilidad\/wp-json\/wp\/v2\/users\/1"}],"replies":[{"embeddable":true,"href":"https:\/\/cristinacortinas.org\/sustentabilidad\/wp-json\/wp\/v2\/comments?post=2273"}],"version-history":[{"count":12,"href":"https:\/\/cristinacortinas.org\/sustentabilidad\/wp-json\/wp\/v2\/pages\/2273\/revisions"}],"predecessor-version":[{"id":7512,"href":"https:\/\/cristinacortinas.org\/sustentabilidad\/wp-json\/wp\/v2\/pages\/2273\/revisions\/7512"}],"wp:attachment":[{"href":"https:\/\/cristinacortinas.org\/sustentabilidad\/wp-json\/wp\/v2\/media?parent=2273"}],"curies":[{"name":"wp","href":"https:\/\/api.w.org\/{rel}","templated":true}]}}