{"id":12,"date":"2011-07-14T19:46:42","date_gmt":"2011-07-14T19:46:42","guid":{"rendered":"http:\/\/cristinacortinas.org\/sustentabilidad\/about\/faqs\/"},"modified":"2016-02-17T03:14:49","modified_gmt":"2016-02-17T03:14:49","slug":"perfil-profesional","status":"publish","type":"page","link":"https:\/\/cristinacortinas.org\/sustentabilidad\/perfil-profesional\/","title":{"rendered":"Perfil Profesional"},"content":{"rendered":"<p><strong>Mar\u00eda Cristina Cortinas Dur\u00e1n<\/strong><\/p>\n<p><img loading=\"lazy\" decoding=\"async\" class=\"size-medium wp-image-1995 alignleft\" src=\"http:\/\/cristinacortinas.org\/sustentabilidad\/wp-content\/uploads\/2011\/07\/perfil-profesional-de-cristina-cortinas-300x167.jpg\" alt=\"perfil-profesional-de-cristina-cortinas\" width=\"300\" height=\"167\" srcset=\"https:\/\/cristinacortinas.org\/sustentabilidad\/wp-content\/uploads\/2011\/07\/perfil-profesional-de-cristina-cortinas-300x167.jpg 300w, https:\/\/cristinacortinas.org\/sustentabilidad\/wp-content\/uploads\/2011\/07\/perfil-profesional-de-cristina-cortinas.jpg 688w\" sizes=\"auto, (max-width: 300px) 100vw, 300px\" \/><\/p>\n<p>Obtuvo el grado de<span class=\"Apple-converted-space\">\u00a0<\/span><strong>Licenciatura en Biolog\u00eda de la Universidad Nacional Aut\u00f3noma de M\u00e9xico (UNAM)<\/strong>, el<span class=\"Apple-converted-space\">\u00a0<\/span><strong>Doctorado en Ciencias de la Universidad de Par\u00eds<\/strong>, el nombramiento como investigadora del Sistema Nacional de Investigadores de M\u00e9xico y el certificado de entrenamiento en Gesti\u00f3n de Residuos Peligrosos del Bur\u00f3 de Inversiones y Soporte T\u00e9cnico de Suecia. \u00a0Realiz\u00f3 investigaciones para evaluar los efectos gen\u00e9ticos de sustancias y contaminantes qu\u00edmicos por m\u00e1s de veinte a\u00f1os en el Instituto de Investigaciones Biom\u00e9dicas de la U.N.A.M.<\/p>\n<p>Se ha desempe\u00f1ado como <strong>Subdirectora de Impacto del Ambiente en la Salud de la Comisi\u00f3n de Ecolog\u00eda del Departamento del Distrito Federal de 1984 a 1985<\/strong>, como <strong>Directora General de Salud Ambiental<\/strong>, Ocupacional y Saneamiento B\u00e1sico de la Secretar\u00eda de Salud (SSA) de 1989 a 1991 y Directora General de Materiales, Residuos y Actividades Riesgosas del Instituto Nacional de Ecolog\u00eda (INE), de la Secretar\u00eda de Medio Ambiente, Recursos Naturales y Pesca (Semarnap) de 1998 a \u00a02000. De julio 2006 a octubre de 2007 ocup\u00f3 el cargo de<strong> Coordinadora General T\u00e9cnica del proyecto de elaboraci\u00f3n del Plan Nacional de Implementaci\u00f3n del Convenio de Estocolmo<\/strong> en \u00a0la Secretar\u00eda de Medio Ambiente y Recursos Naturales (Semarnat), que culmin\u00f3 con su publicaci\u00f3n y colabor\u00f3 en su actualizaci\u00f3n.<\/p>\n<p><strong>A partir de 2001, ha brindado asesor\u00eda a legisladores y autoridades ambientales a nivel federal\u00a0 y estatal,<\/strong> para formular las propuestas t\u00e9cnicas y apoyar en el proceso de dictamen de la Ley General para la Prevenci\u00f3n y Gesti\u00f3n Integral de los Residuos, de las leyes correspondientes de Guanajuato, Guerrero, Quer\u00e9taro, y Quintana Roo, y de los Reglamentos de las leyes de Quer\u00e9taro y Morelos<strong>. Form\u00f3 parte del Grupo T\u00e9cnico que colabor\u00f3 en la elaboraci\u00f3n del Proyecto de Norma Oficial Mexicana PROY-NOM-161-SEMARNAT-2012<\/strong>, que establece los criterios para clasificar a los residuos de manejo especial y determinar cuales est\u00e1n sujetos a plan de manejo, publicada el 1 de febrero de 2013.<\/p>\n<p>Aunado a lo anterior <strong>ha realizando proyectos tanto en M\u00e9xico como en otros pa\u00edses de la regi\u00f3n de Am\u00e9rica Latina y el Caribe<\/strong>, particularmente relacionados con el Convenio de Estocolmo. Entre los proyectos desarrollados por contrato en M\u00e9xico en 2009-2012, se encuentran los referentes al manejo de residuos en caso de desastre, as\u00ed como estudios diagn\u00f3sticos y de orientaci\u00f3n para la creaci\u00f3n de organismos p\u00fablicos descentralizados (OPD) a cargo de la gesti\u00f3n de residuos s\u00f3lidos paraestatales y paramunicipales,<strong> asesor\u00edas para la formulaci\u00f3n de planes de manejo de residuos y la integraci\u00f3n del Programa para la Prevenci\u00f3n y Gesti\u00f3n Integral de Residuos del Estado de Quer\u00e9taro 2012-2017<\/strong>. Colabor\u00f3 asimismo en la integraci\u00f3n del Diagn\u00f3stico B\u00e1sico para la Gesti\u00f3n Integral de los Residuos 2012, publicado por la SEMARNAT-INECC.<\/p>\n<p><strong>De 2012 a 2013 desarroll\u00f3 un proyecto para el Banco Interamericano de Desarrollo (BID) para integrar el Plan Estrat\u00e9gico Sectorial (PES) para la Gesti\u00f3n Integral de los Residuos S\u00f3lidos de M\u00e9xico y dos proyectos para la Agencia de Cooperacio\u0301n Alemana al Desarrollo del Gobierno de Alemania (GIZ)<\/strong>, para ofrecer asistencia t\u00e9cnica a los gobiernos de los pa\u00edses que integran el Proyecto Mesoam\u00e9rica y de Per\u00fa, en materia de regulaci\u00f3n de sitios contaminados con residuos peligrosos y su remediaci\u00f3n. Colabora con el Instituto Nacional de Ecolog\u00eda y Cambio Clim\u00e1tico (INECC) y la Agencia de Cooperaci\u00f3n Internacional del Gobierno de Jap\u00f3n (JICA), como <strong>conferencista y asesora t\u00e9cnica en los Cursos Internacionales para el desarrollo de elementos que fortalezcan la instrumentacio\u0301n de la gestio\u0301n integral de residuos con enfoque de 3R \u0301s (Reducir, Reutilizar, Reciclar)<\/strong>, dirigidos a pa\u00edses de Am\u00e9rica Latina y el Caribe. Ello adem\u00e1s de contribuir al desarrollo de indicadores de gesti\u00f3n sustentable de sustancias qu\u00edmicas en la industria, como parte de un proyecto realizado por el INECC para evaluar la sustentabilidad del desarrollo de ciudades intermedias.<\/p>\n<p>Fue designada <strong>Miembro del Comit\u00e9 Consultivo Cient\u00edfico de la Comisi\u00f3n Federal para la Protecci\u00f3n contra Riesgos Sanitarios (COFEPRIS), de la Secretar\u00eda de Salud y del Comit\u00e9 Consultivo Nacional para la Gesti\u00f3n de Sustancias Qu\u00edmicas Sujetas a Convenios Internacionales, de la Secretar\u00eda de Medio Ambiente y Recursos Naturales (SEMARNAT)<\/strong>. Actualmente se desempe\u00f1a como Presidenta de la Red Queretana de Manejo de Residuos A.C. (REQMAR) y como consultora ambiental independiente.<\/p>\n<p><strong>Ha escrito diversos libros y documentos sobre los temas de la gesti\u00f3n de residuos y materiales peligrosos, la salud ambiental,<\/strong> las actividades altamente riesgosas y otros temas, algunos de los cuales se encuentran disponibles en su\u00a0 p\u00e1gina electr\u00f3nica: www.cristinacortinas.org<\/p>\n","protected":false},"excerpt":{"rendered":"<p>Mar\u00eda Cristina Cortinas Dur\u00e1n Obtuvo el grado de\u00a0Licenciatura en Biolog\u00eda de la Universidad Nacional Aut\u00f3noma de M\u00e9xico (UNAM), el\u00a0Doctorado en Ciencias de la Universidad de Par\u00eds, el nombramiento como investigadora del Sistema Nacional de Investigadores de M\u00e9xico y el certificado de entrenamiento en Gesti\u00f3n de Residuos Peligrosos del Bur\u00f3 de Inversiones y Soporte T\u00e9cnico de Suecia. \u00a0Realiz\u00f3 investigaciones para evaluar&nbsp;<a href=\"https:\/\/cristinacortinas.org\/sustentabilidad\/perfil-profesional\/\" class=\"read-more\">Seguir leyendo<\/a><\/p>\n","protected":false},"author":1,"featured_media":0,"parent":0,"menu_order":2,"comment_status":"open","ping_status":"closed","template":"","meta":{"footnotes":""},"class_list":["post-12","page","type-page","status-publish","hentry"],"_links":{"self":[{"href":"https:\/\/cristinacortinas.org\/sustentabilidad\/wp-json\/wp\/v2\/pages\/12","targetHints":{"allow":["GET"]}}],"collection":[{"href":"https:\/\/cristinacortinas.org\/sustentabilidad\/wp-json\/wp\/v2\/pages"}],"about":[{"href":"https:\/\/cristinacortinas.org\/sustentabilidad\/wp-json\/wp\/v2\/types\/page"}],"author":[{"embeddable":true,"href":"https:\/\/cristinacortinas.org\/sustentabilidad\/wp-json\/wp\/v2\/users\/1"}],"replies":[{"embeddable":true,"href":"https:\/\/cristinacortinas.org\/sustentabilidad\/wp-json\/wp\/v2\/comments?post=12"}],"version-history":[{"count":4,"href":"https:\/\/cristinacortinas.org\/sustentabilidad\/wp-json\/wp\/v2\/pages\/12\/revisions"}],"predecessor-version":[{"id":1996,"href":"https:\/\/cristinacortinas.org\/sustentabilidad\/wp-json\/wp\/v2\/pages\/12\/revisions\/1996"}],"wp:attachment":[{"href":"https:\/\/cristinacortinas.org\/sustentabilidad\/wp-json\/wp\/v2\/media?parent=12"}],"curies":[{"name":"wp","href":"https:\/\/api.w.org\/{rel}","templated":true}]}}